{"id":742,"date":"2026-02-17T08:38:31","date_gmt":"2026-02-17T07:38:31","guid":{"rendered":"https:\/\/holmestrand-hundeklubb.com\/hhk\/?page_id=742"},"modified":"2026-02-27T20:16:45","modified_gmt":"2026-02-27T19:16:45","slug":"personvern","status":"publish","type":"page","link":"https:\/\/holmestrand-hundeklubb.com\/hhk\/personvern\/","title":{"rendered":"Personvern"},"content":{"rendered":"\n\n\n<div class=\"wp-block-uagb-container uagb-block-8f552c78 alignfull uagb-is-root-container\"><div class=\"uagb-container-inner-blocks-wrap\">\n\n<div class=\"wp-block-uagb-container uagb-block-6296d76b\">\n<div class=\"wp-block-uagb-image uagb-block-62ab5053 wp-block-uagb-image--layout-default wp-block-uagb-image--effect-static wp-block-uagb-image--align-none\"><figure class=\"wp-block-uagb-image__figure\"><img decoding=\"async\" srcset=\"https:\/\/holmestrand-hundeklubb.com\/hhk\/wp-content\/uploads\/2026\/02\/HHK-top-utenoverskrift1200.png ,https:\/\/holmestrand-hundeklubb.com\/hhk\/wp-content\/uploads\/2026\/02\/HHK-top-utenoverskrift1200.png 780w, https:\/\/holmestrand-hundeklubb.com\/hhk\/wp-content\/uploads\/2026\/02\/HHK-top-utenoverskrift1200.png 360w\" sizes=\"auto, (max-width: 480px) 150px\" src=\"https:\/\/holmestrand-hundeklubb.com\/hhk\/wp-content\/uploads\/2026\/02\/HHK-top-utenoverskrift1200.png\" alt=\"\" class=\"uag-image-58\" width=\"1100\" height=\"70\" title=\"\" loading=\"lazy\" role=\"img\"\/><\/figure><\/div>\n<\/div>\n\n\n\n<div class=\"wp-block-uagb-container uagb-block-4672d45b\">\nPersonvern\n<\/div>\n\n\n\n<div class=\"wp-block-uagb-separator uagb-block-024a031a wp-block-uagb-separator--icon\"><div class=\"wp-block-uagb-separator__inner\" style=\"--my-background-image:\"><div class=\"wp-block-uagb-separator-element\"><svg xmlns=\"https:\/\/www.w3.org\/2000\/svg\" viewBox=\"0 0 320 512\"><path d=\"M208 48C208 74.51 186.5 96 160 96C133.5 96 112 74.51 112 48C112 21.49 133.5 0 160 0C186.5 0 208 21.49 208 48zM152 352V480C152 497.7 137.7 512 120 512C102.3 512 88 497.7 88 480V256.9L59.43 304.5C50.33 319.6 30.67 324.5 15.52 315.4C.3696 306.3-4.531 286.7 4.573 271.5L62.85 174.6C80.2 145.7 111.4 128 145.1 128H174.9C208.6 128 239.8 145.7 257.2 174.6L315.4 271.5C324.5 286.7 319.6 306.3 304.5 315.4C289.3 324.5 269.7 319.6 260.6 304.5L232 256.9V480C232 497.7 217.7 512 200 512C182.3 512 168 497.7 168 480V352L152 352z\"><\/path><\/svg><\/div><\/div><\/div>\n\n\n\n<div class=\"wp-block-uagb-container uagb-block-ec6d5dbe\">\n<div class=\"wp-block-uagb-info-box uagb-block-c2b1d6ab uagb-infobox__content-wrap  uagb-infobox-icon-above-title uagb-infobox-image-valign-top\"><div class=\"uagb-ifb-content\"><div class=\"uagb-ifb-title-wrap\"><\/div><p class=\"uagb-ifb-desc\"><strong>Personvern<\/strong><br>Personlige data er alle data som kan v\u00e6re direkte eller indirekte relatert til deg. Vi kan samle inn og behandle f\u00f8lgende kategorier av personlig informasjon:<br><br><strong>Navn og annen identifiserbar informasjon<\/strong><br>For eksempel kan vi registrere ditt navn, tittel, kj\u00f8nn og f\u00f8dselsdato.<br><br><strong>Dine kontaktdetaljer og detaljer om din personlige konto eller registrering<\/strong><br>Dine kontaktopplysninger kan inneholde adresse, adresse, telefonnummer og e-postadresse. Hvis du registrerer deg for en bestemt tjeneste eller oppretter en personlig konto, kan vi ogs\u00e5 registrere innloggingsdetaljer og annen informasjon du angir i kontoen eller registreringsskjemaet.<br><br><strong>V\u00e5r kommunikasjon med deg<\/strong><br>Hvis du sender oss en e-post eller melding via sosiale medier, har du registrert kommunikasjonen med oss.<br><br><strong>Informasjon som vi samler inn n\u00e5r du bruker nettstedet v\u00e5rt<\/strong><br>N\u00e5r du bes\u00f8ker nettstedet v\u00e5rt, med din tillatelse, kan vi registrere din IP-adresse, nettlesertype, operativsystem, refererende nettsted, surfingadferd og klikkadferd. Med din tillatelse kan vi ogs\u00e5 motta posisjonsdataene dine.<br>I tillegg kan vi motta et automatisk varsel hvis du \u00e5pner et nyhetsbrev eller klikker p\u00e5 en lenke i et nyhetsbrev.<br><br><strong>Informasjon du deler med oss<\/strong><br>Du kan velge \u00e5 dele informasjon med oss, for eksempel hvis du svarer p\u00e5 sosiale medier eller fyller ut en kundeunders\u00f8kelse.<br><br><strong>Cookies og lignende teknologier<\/strong><br>Hvis du bruker v\u00e5r nettside, samler vi informasjon via informasjonskapsler og lignende teknologier. For mer informasjon, les v\u00e5r \u00abcookie policy\u00bb p\u00e5 nettstedet.<br><br><strong>Hvordan samler vi dataene dine<\/strong><br>Holmestrand Hundeklubb kan f\u00e5 dine personlige data p\u00e5 en rekke m\u00e5ter, for eksempel n\u00e5r du fyller ut et skjema, kommuniserer med oss \u200b\u200bvia sosiale medier eller registrerer deg for v\u00e5rt nyhetsbrev. Avhengig av innstillingene for sosiale nettverk, kan vi ogs\u00e5 motta informasjon fra leverand\u00f8ren av ditt sosiale nettverk.<br><br><strong>Form\u00e5let vi bruker dataene til<\/strong><br>De viktigste form\u00e5lene vi bruker din personlige informasjon til er:<br><br><strong>\u00c5 yte tjenester til deg<\/strong><br>For \u00e5 forenkle bruken av v\u00e5re elektroniske tjenester for deg, kan vi analysere dataene du samler inn fra din bruk av v\u00e5re digitale medier, og kombinere dem med informasjon samlet gjennom informasjonskapsler og lignende teknologier. For eksempel, \u00e5 vite hvilken digital kanal (e-post, sosiale medier) eller enhet (skrivebord, nettbrett eller mobil) du foretrekker slik at vi kan fokusere v\u00e5r kommunikasjon p\u00e5 den kanalen eller enheten.<br><br><strong>\u00c5 kommunisere med deg<\/strong><br>Vi bruker din kontaktinformasjon til \u00e5 kommunisere med deg, svare p\u00e5 dine sp\u00f8rsm\u00e5l eller h\u00e5ndtere dine klager.<br><br><strong>For statistisk forskning<\/strong><br>Vi bruker automatiske verkt\u00f8y til \u00e5 utf\u00f8re statistisk forskning om generelle trender for bruk av v\u00e5re tjenester, nettsider og sosiale medier og adferd til v\u00e5re kunders og brukeres preferanser. Gjennom statistisk forskning kan vi utvikle bedre tjenester. I tillegg kan vi forbedre design og innhold p\u00e5 nettstedet v\u00e5rt.<br>Ved \u00e5 utf\u00f8re v\u00e5r forskning kan vi kombinere og analysere ulike typer data. Vi bruker kun aggregerte data og bruker ikke navn, e-postadresser eller annen direkte identifiserbar informasjon. Vi kan ogs\u00e5 kombinere slike aggregerte data med informasjon fra offentlige kilder. Vi vil ikke bruke sensitive data for denne statistiske unders\u00f8kelsen uten ditt samtykke.<br><br><strong>Til direkte markedsf\u00f8ring<\/strong><br>Vi kan bruke dine personlige opplysninger til \u00e5 sende deg nyhetsbrev eller andre markedsf\u00f8ringsmeldinger. For \u00e5 vite hva som er relevant for deg, kan vi bruke automatiske verkt\u00f8y til \u00e5 analysere dine personlige opplysninger. For dette form\u00e5l kan vi bruke og kombinere informasjonen beskrevet ovenfor. Vi kan ogs\u00e5 kombinere slik samlet informasjon med informasjon som vi mottar fra offentlige kilder. Vi vil ikke bruke dine sensitive data for statistisk forskning uten ditt samtykke.<br>Vi bruker resultatene av v\u00e5r analyse for \u00e5 skreddersy v\u00e5re markedsf\u00f8ringsmeldinger til dine spesifikke interesser og preferanser. For eksempel, hvis v\u00e5r analyse viser at du kan v\u00e6re interessert i bestemte typer tjenester, kan vi endre v\u00e5rt nyhetsbrev og nettstedet med innhold som vi mener er relevante for deg.<br>Vi kan bruke forskjellige kanaler for v\u00e5re markedsf\u00f8ringsmeldinger, for eksempel e-post og sosiale medier. Du kan tilbakekalle din tillatelse til \u00e5 sende markedsf\u00f8ringsmeldinger eller gj\u00f8re en innsigelse n\u00e5r som helst. For dette f\u00f8lg instruksjonene i den relevante markedsf\u00f8ringsmeldingen eller kontakt oss.<br><br><strong>Opplysning og deling av data med tredjepart<\/strong><br>Vi kan avsl\u00f8re eller dele dine personlige opplysninger med tredjepart for f\u00f8lgende form\u00e5l:<br><br><strong>For st\u00f8ttetjenestene som vi tilbyr<\/strong><br>Vi bruker tredjeparter, for eksempel leverand\u00f8rer av sosiale nettverk og markedsf\u00f8ringsbyr\u00e5er, til \u00e5 tilby v\u00e5re tjenester. Alle disse tredjepartene er p\u00e5lagt \u00e5 beskytte dine personlige opplysninger tilstrekkelig og bare behandle det i henhold til v\u00e5re instruksjoner.<br><strong>For statistisk forskning og direkte markedsf\u00f8ring<\/strong><br>Vi kan bruke dine personlige opplysninger til statistisk forskning og direkte markedsf\u00f8ring (se ovenfor).<br><br><strong>Tredjeparts nettsteder<\/strong><br>V\u00e5r nettside inneholder lenker til tredjeparts nettsteder. Hvis du f\u00f8lger disse linkene, vil du forlate nettstedet v\u00e5rt. Disse personvernreglene gjelder ikke for tredjeparts nettsteder. Holmestrand Hundeklubb p\u00e5tar seg intet ansvar for bruken av dine personopplysninger av disse tredjepartene. Din bruk av disse nettstedene er p\u00e5 egen risiko. Se personvernreglene til disse tredjepartene (hvis tilgjengelig) om hvordan de h\u00e5ndterer din personlige informasjon.<br><br><strong>Med partnere<\/strong><br>Dine data kan deles med partnere, for \u00e5 gi deg best mulig service.<br><br><strong>Sikkerhet og bevaring<\/strong><br>Holmestrand Hundeklubb tar n\u00f8dvendige tekniske og organisatoriske tiltak for \u00e5 beskytte dine personlige data mot tap eller ulovlig bruk.<br>Dine personopplysninger vil bli holdt s\u00e5 lenge som n\u00f8dvendig for de form\u00e5l som er beskrevet i disse personvernreglene eller i den grad det er n\u00f8dvendig for \u00e5 overholde lover og forskrifter og for \u00e5 l\u00f8se tvister.<br><br><strong>Vern av barn<\/strong><br>Holmestrand Hundeklubb fors\u00f8ker ikke \u00e5 samle inn informasjon om barn i alderen 16 eller yngre, eller \u00e5 opprette interessesegmenter som er spesielt utviklet for \u00e5 m\u00e5lrette barn. Hvis du er bekymret for ditt barns personvern i forbindelse med v\u00e5re tjenester, eller hvis du tror at barnet ditt har skrevet inn personlig identifiserbar informasjon p\u00e5 v\u00e5r nettside, kan du kontakte oss<strong>.<\/strong><br><br><strong>Dine rettigheter<\/strong><br>Du har en rekke rettigheter n\u00e5r vi registrerer personlige data om deg. Disse rettighetene er nedfelt i Generell databeskyttelsesforordning (GDPR). Du kan vise, rette, blokkere eller slette dine personlige opplysninger n\u00e5r som helst.<br>For \u00e5 gj\u00f8re bruk av dine rettigheter kan du sende inn en skriftlig foresp\u00f8rsel. Holmestrand Hundeklubb har fire uker fra mottak av foresp\u00f8rselen for \u00e5 vurdere om foresp\u00f8rselen er berettiget. Holmestrand Hundeklubb vil kunngj\u00f8re hva som vil skje med foresp\u00f8rselen innen fire uker. Dersom foresp\u00f8rselen ikke f\u00f8lges, er det mulighet for \u00e5 protestere mot Holmestrand Hundeklubb, eller \u00e5 sende inn en klage til Datatilsynet. P\u00e5 grunnlag av en slik foresp\u00f8rsel kan Holmestrand Hundeklubb be om ytterligere opplysninger for \u00e5 sikre identiteten til den ber\u00f8rte personen.<\/p><\/div><\/div>\n<\/div>\n\n\n\n<div class=\"wp-block-uagb-info-box uagb-block-fb77763e uagb-infobox__content-wrap  uagb-infobox-icon-above-title uagb-infobox-image-valign-top\"><div class=\"uagb-ifb-content\"><div class=\"uagb-ifb-image-content\"><img decoding=\"async\" src=\"https:\/\/holmestrand-hundeklubb.com\/hhk\/wp-content\/uploads\/2026\/02\/Holmestrand_HK_logo_60pxl.png\" alt=\"\" width=\"\" height=\"0\" loading=\"lazy\"\/><\/div><div class=\"uagb-ifb-title-wrap\"><\/div><p class=\"uagb-ifb-desc\">Styret<br>Holmestrand Hundeklubb<\/p><\/div><\/div>\n\n\n\n<div class=\"wp-block-uagb-separator uagb-block-43d910b9 wp-block-uagb-separator--icon\"><div class=\"wp-block-uagb-separator__inner\" style=\"--my-background-image:\"><div class=\"wp-block-uagb-separator-element\"><svg xmlns=\"https:\/\/www.w3.org\/2000\/svg\" viewBox=\"0 0 320 512\"><path d=\"M208 48C208 74.51 186.5 96 160 96C133.5 96 112 74.51 112 48C112 21.49 133.5 0 160 0C186.5 0 208 21.49 208 48zM152 352V480C152 497.7 137.7 512 120 512C102.3 512 88 497.7 88 480V256.9L59.43 304.5C50.33 319.6 30.67 324.5 15.52 315.4C.3696 306.3-4.531 286.7 4.573 271.5L62.85 174.6C80.2 145.7 111.4 128 145.1 128H174.9C208.6 128 239.8 145.7 257.2 174.6L315.4 271.5C324.5 286.7 319.6 306.3 304.5 315.4C289.3 324.5 269.7 319.6 260.6 304.5L232 256.9V480C232 497.7 217.7 512 200 512C182.3 512 168 497.7 168 480V352L152 352z\"><\/path><\/svg><\/div><\/div><\/div>\n\n<\/div><\/div>\n","protected":false},"excerpt":{"rendered":"","protected":false},"author":1,"featured_media":0,"parent":0,"menu_order":0,"comment_status":"closed","ping_status":"closed","template":"","meta":{"pagelayer_contact_templates":[],"_pagelayer_content":"","_uag_custom_page_level_css":"","site-sidebar-layout":"default","site-content-layout":"","ast-site-content-layout":"default","site-content-style":"default","site-sidebar-style":"default","ast-global-header-display":"","ast-banner-title-visibility":"","ast-main-header-display":"","ast-hfb-above-header-display":"","ast-hfb-below-header-display":"","ast-hfb-mobile-header-display":"","site-post-title":"","ast-breadcrumbs-content":"","ast-featured-img":"","footer-sml-layout":"","ast-disable-related-posts":"","theme-transparent-header-meta":"","adv-header-id-meta":"","stick-header-meta":"","header-above-stick-meta":"","header-main-stick-meta":"","header-below-stick-meta":"","astra-migrate-meta-layouts":"default","ast-page-background-enabled":"default","ast-page-background-meta":{"desktop":{"background-color":"var(--ast-global-color-5)","background-image":"","background-repeat":"repeat","background-position":"center center","background-size":"auto","background-attachment":"scroll","background-type":"","background-media":"","overlay-type":"","overlay-color":"","overlay-opacity":"","overlay-gradient":""},"tablet":{"background-color":"","background-image":"","background-repeat":"repeat","background-position":"center center","background-size":"auto","background-attachment":"scroll","background-type":"","background-media":"","overlay-type":"","overlay-color":"","overlay-opacity":"","overlay-gradient":""},"mobile":{"background-color":"","background-image":"","background-repeat":"repeat","background-position":"center center","background-size":"auto","background-attachment":"scroll","background-type":"","background-media":"","overlay-type":"","overlay-color":"","overlay-opacity":"","overlay-gradient":""}},"ast-content-background-meta":{"desktop":{"background-color":"var(--ast-global-color-4)","background-image":"","background-repeat":"repeat","background-position":"center center","background-size":"auto","background-attachment":"scroll","background-type":"","background-media":"","overlay-type":"","overlay-color":"","overlay-opacity":"","overlay-gradient":""},"tablet":{"background-color":"var(--ast-global-color-4)","background-image":"","background-repeat":"repeat","background-position":"center center","background-size":"auto","background-attachment":"scroll","background-type":"","background-media":"","overlay-type":"","overlay-color":"","overlay-opacity":"","overlay-gradient":""},"mobile":{"background-color":"var(--ast-global-color-4)","background-image":"","background-repeat":"repeat","background-position":"center center","background-size":"auto","background-attachment":"scroll","background-type":"","background-media":"","overlay-type":"","overlay-color":"","overlay-opacity":"","overlay-gradient":""}},"footnotes":""},"class_list":["post-742","page","type-page","status-publish","hentry"],"uagb_featured_image_src":{"full":false,"thumbnail":false,"medium":false,"medium_large":false,"large":false,"1536x1536":false,"2048x2048":false},"uagb_author_info":{"display_name":"adminwordpresshhk","author_link":"https:\/\/holmestrand-hundeklubb.com\/hhk\/author\/adminwordpresshhk\/"},"uagb_comment_info":0,"uagb_excerpt":null,"rttpg_featured_image_url":null,"rttpg_author":{"display_name":"adminwordpresshhk","author_link":"https:\/\/holmestrand-hundeklubb.com\/hhk\/author\/adminwordpresshhk\/"},"rttpg_comment":0,"rttpg_category":null,"rttpg_excerpt":null,"_links":{"self":[{"href":"https:\/\/holmestrand-hundeklubb.com\/hhk\/wp-json\/wp\/v2\/pages\/742","targetHints":{"allow":["GET"]}}],"collection":[{"href":"https:\/\/holmestrand-hundeklubb.com\/hhk\/wp-json\/wp\/v2\/pages"}],"about":[{"href":"https:\/\/holmestrand-hundeklubb.com\/hhk\/wp-json\/wp\/v2\/types\/page"}],"author":[{"embeddable":true,"href":"https:\/\/holmestrand-hundeklubb.com\/hhk\/wp-json\/wp\/v2\/users\/1"}],"replies":[{"embeddable":true,"href":"https:\/\/holmestrand-hundeklubb.com\/hhk\/wp-json\/wp\/v2\/comments?post=742"}],"version-history":[{"count":0,"href":"https:\/\/holmestrand-hundeklubb.com\/hhk\/wp-json\/wp\/v2\/pages\/742\/revisions"}],"wp:attachment":[{"href":"https:\/\/holmestrand-hundeklubb.com\/hhk\/wp-json\/wp\/v2\/media?parent=742"}],"curies":[{"name":"wp","href":"https:\/\/api.w.org\/{rel}","templated":true}]}}