{"id":717,"date":"2026-02-16T19:22:49","date_gmt":"2026-02-16T18:22:49","guid":{"rendered":"https:\/\/holmestrand-hundeklubb.com\/hhk\/?page_id=717"},"modified":"2026-02-27T19:51:35","modified_gmt":"2026-02-27T18:51:35","slug":"h-hk-kontaktskjema","status":"publish","type":"page","link":"https:\/\/holmestrand-hundeklubb.com\/hhk\/h-hk-kontaktskjema\/","title":{"rendered":"H.HK. Kontaktskjema"},"content":{"rendered":"\n\n\n<div class=\"wp-block-uagb-container uagb-block-8f552c78 alignfull uagb-is-root-container\"><div class=\"uagb-container-inner-blocks-wrap\">\n\n<div class=\"wp-block-uagb-container uagb-block-eeec4b1c\">\n<div class=\"wp-block-uagb-image uagb-block-62ab5053 wp-block-uagb-image--layout-default wp-block-uagb-image--effect-static wp-block-uagb-image--align-none\"><figure class=\"wp-block-uagb-image__figure\"><img decoding=\"async\" srcset=\"https:\/\/holmestrand-hundeklubb.com\/hhk\/wp-content\/uploads\/2026\/02\/HHK-top-utenoverskrift1200.png ,https:\/\/holmestrand-hundeklubb.com\/hhk\/wp-content\/uploads\/2026\/02\/HHK-top-utenoverskrift1200.png 780w, https:\/\/holmestrand-hundeklubb.com\/hhk\/wp-content\/uploads\/2026\/02\/HHK-top-utenoverskrift1200.png 360w\" sizes=\"auto, (max-width: 480px) 150px\" src=\"https:\/\/holmestrand-hundeklubb.com\/hhk\/wp-content\/uploads\/2026\/02\/HHK-top-utenoverskrift1200.png\" alt=\"\" class=\"uag-image-58\" width=\"1100\" height=\"70\" title=\"\" loading=\"lazy\" role=\"img\"\/><\/figure><\/div>\n<\/div>\n\n\n\n<div class=\"wp-block-uagb-container uagb-block-0e64223c\">\nH.HK. Kontaktskjema\n<\/div>\n\n\n\n<div class=\"wp-block-uagb-separator uagb-block-82e0fbc9 wp-block-uagb-separator--icon\"><div class=\"wp-block-uagb-separator__inner\" style=\"--my-background-image:\"><div class=\"wp-block-uagb-separator-element\"><svg xmlns=\"https:\/\/www.w3.org\/2000\/svg\" viewBox=\"0 0 512 512\"><path d=\"M256 417.1c-16.38 0-32.88-4.1-46.88-15.12L0 250.9v213.1C0 490.5 21.5 512 48 512h416c26.5 0 48-21.5 48-47.1V250.9l-209.1 151.1C288.9 412 272.4 417.1 256 417.1zM493.6 163C484.8 156 476.4 149.5 464 140.1v-44.12c0-26.5-21.5-48-48-48l-77.5 .0016c-3.125-2.25-5.875-4.25-9.125-6.5C312.6 29.13 279.3-.3732 256 .0018C232.8-.3732 199.4 29.13 182.6 41.5c-3.25 2.25-6 4.25-9.125 6.5L96 48c-26.5 0-48 21.5-48 48v44.12C35.63 149.5 27.25 156 18.38 163C6.75 172 0 186 0 200.8v10.62l96 69.37V96h320v184.7l96-69.37V200.8C512 186 505.3 172 493.6 163zM176 255.1h160c8.836 0 16-7.164 16-15.1c0-8.838-7.164-16-16-16h-160c-8.836 0-16 7.162-16 16C160 248.8 167.2 255.1 176 255.1zM176 191.1h160c8.836 0 16-7.164 16-16c0-8.838-7.164-15.1-16-15.1h-160c-8.836 0-16 7.162-16 15.1C160 184.8 167.2 191.1 176 191.1z\"><\/path><\/svg><\/div><\/div><\/div>\n\n\n\n<div class=\"wp-block-uagb-container uagb-block-4a546ac9\">\n<div class=\"wp-block-uagb-info-box uagb-block-1395a5b6 uagb-infobox__content-wrap  uagb-infobox-icon-above-title uagb-infobox-image-valign-top\"><div class=\"uagb-ifb-content\"><div class=\"uagb-ifb-title-wrap\"><\/div><p class=\"uagb-ifb-desc\">P\u00e5 nettsidene har vi fors\u00f8kt \u00e5 samle mest mulig relevant informasjon slik at interesserte skal f\u00e5 et overblikk over hva H.HK. kan tilby.<br><br>Er det noe informasjon du ikke finner p\u00e5 hjemmesiden eller Facebooksidene v\u00e5re er det bare \u00e5 ta kontakt ved \u00e5 fylle ut skjema og send inn.<\/p><\/div><\/div>\n<\/div>\n\n\n\n<div class=\"wp-block-uagb-container uagb-block-a23807ef\"><div class=\"everest-forms\"><div class=\"evf-container default\" id=\"evf-729\"><form id=\"evf-form-729\" class=\"everest-form\" data-formid=\"729\" data-ajax_submission=\"0\" data-keyboard_friendly_form=\"0\" data-form_state_type=\"\" method=\"post\" enctype=\"multipart\/form-data\" action=\"\/hhk\/wp-json\/wp\/v2\/pages\/717\"><div class=\"evf-field-container\"><input type=\"hidden\" id=\"_wpnonce729\" name=\"_wpnonce729\" value=\"f0ecd3a8f7\" \/><input type=\"hidden\" name=\"_wp_http_referer\" value=\"\/hhk\/wp-json\/wp\/v2\/pages\/717\" \/><div class=\"evf-frontend-row\" data-row=\"row_1\" conditional_rules=\"[]\"><div class=\"evf-frontend-grid evf-grid-2\" data-grid=\"grid_1\"><div id=\"evf-729-field_kHCHoYBVYy-1-container\" class=\"evf-field evf-field-first-name form-row validate-required\" data-required-field-message=\"Dette feltet er obligatorisk.\" data-field-id=\"kHCHoYBVYy-1\"><label class=\"evf-field-label\" for=\"evf-729-field_kHCHoYBVYy-1\"><span class=\"evf-label\">Navn:<\/span> <abbr class=\"required\" title=\"Required\">*<\/abbr><\/label><input type=\"text\" id=\"evf-729-field_kHCHoYBVYy-1\" class=\"input-text\" name=\"everest_forms[form_fields][kHCHoYBVYy-1]\" required><\/div><\/div><div class=\"evf-frontend-grid evf-grid-2\" data-grid=\"grid_2\"><\/div><\/div><div class=\"evf-frontend-row\" data-row=\"row_2\" conditional_rules=\"[]\"><div class=\"evf-frontend-grid evf-grid-2\" data-grid=\"grid_1\"><div id=\"evf-729-field_HcuiV08w49-2-container\" class=\"evf-field evf-field-email form-row validate-required validate-email\" data-required-field-message=\"Vennligst skriv inn en gyldig e-postadresse.\" data-field-id=\"HcuiV08w49-2\"><label class=\"evf-field-label\" for=\"evf-729-field_HcuiV08w49-2\"><span class=\"evf-label\">E-postadresse<\/span> <abbr class=\"required\" title=\"Required\">*<\/abbr><\/label><input type=\"email\" id=\"evf-729-field_HcuiV08w49-2\" class=\"input-text\" name=\"everest_forms[form_fields][HcuiV08w49-2]\" required ><\/div><\/div><div class=\"evf-frontend-grid evf-grid-2\" data-grid=\"grid_2\"><\/div><\/div><div class=\"evf-frontend-row\" data-row=\"row_3\" conditional_rules=\"[]\"><div class=\"evf-frontend-grid evf-grid-2\" data-grid=\"grid_1\"><div id=\"evf-729-field_ZuKm6IY7Fc-3-container\" class=\"evf-field evf-field-text form-row validate-required\" data-required-field-message=\"Dette feltet er obligatorisk.\" data-field-id=\"ZuKm6IY7Fc-3\"><label class=\"evf-field-label\" for=\"evf-729-field_ZuKm6IY7Fc-3\"><span class=\"evf-label\">Emne<\/span> <abbr class=\"required\" title=\"Required\">*<\/abbr><\/label><input type=\"text\" id=\"evf-729-field_ZuKm6IY7Fc-3\" class=\"input-text\" name=\"everest_forms[form_fields][ZuKm6IY7Fc-3]\" required><\/div><\/div><div class=\"evf-frontend-grid evf-grid-2\" data-grid=\"grid_2\"><\/div><\/div><div class=\"evf-frontend-row\" data-row=\"row_4\" conditional_rules=\"[]\"><div class=\"evf-frontend-grid evf-grid-2\" data-grid=\"grid_1\"><div id=\"evf-729-field_EL1zLW8FCS-4-container\" class=\"evf-field evf-field-textarea form-row validate-required\" data-required-field-message=\"Dette feltet er obligatorisk.\" data-field-id=\"EL1zLW8FCS-4\"><label class=\"evf-field-label\" for=\"evf-729-field_EL1zLW8FCS-4\"><span class=\"evf-label\">Melding<\/span> <abbr class=\"required\" title=\"Required\">*<\/abbr><\/label><textarea id=\"evf-729-field_EL1zLW8FCS-4\" class=\"input-text\" name=\"everest_forms[form_fields][EL1zLW8FCS-4]\" required ><\/textarea><\/div><\/div><div class=\"evf-frontend-grid evf-grid-2\" data-grid=\"grid_2\"><\/div><\/div><div class=\"evf-frontend-row\" data-row=\"row_5\" conditional_rules=\"[]\"><div class=\"evf-frontend-grid evf-grid-2\" data-grid=\"grid_1\"><div id=\"evf-729-field_rsOwtGV5SG-5-container\" class=\"evf-field evf-field-recaptcha form-row\" data-field-id=\"rsOwtGV5SG-5\"><label class=\"evf-field-label\" for=\"evf-729-field_rsOwtGV5SG-5\"><span class=\"evf-label\">reCaptcha<\/span> <\/label><div class=\"evf-recaptcha-container \" style=\"display:block\"><div class=\"g-recaptcha\" data-sitekey=\"6LfG9mssAAAAAE_BA1cy3YaqxzKblsxdZPj9uVWQ\"><\/div><\/div><\/div><\/div><div class=\"evf-frontend-grid evf-grid-2\" data-grid=\"grid_2\"><\/div><\/div><\/div><div class=\"evf-honeypot-container evf-field-hp\"><label for=\"evf-729-field-hp\" class=\"evf-field-label\">Name<\/label><input type=\"text\" name=\"everest_forms[hp]\" id=\"evf-729-field-hp\" class=\"input-text\"><\/div><div class=\"evf-submit-container \" ><input type=\"hidden\" name=\"everest_forms[id]\" value=\"729\"><input type=\"hidden\" name=\"everest_forms[author]\" value=\"1\"><button type='submit' name='everest_forms[submit]' class='everest-forms-submit-button button evf-submit ' id='evf-submit-729' value='evf-submit' data-process-text=\"Under behandling...\" conditional_rules='&quot;&quot;' conditional_id='evf-submit-729'  id=\"evf-submit-729\" aria-live=\"assertive\">Send inn<\/button><\/div><\/form><\/div><!-- .evf-container --><\/div>\n<\/div>\n\n\n\n<div class=\"wp-block-uagb-separator uagb-block-b3926baf wp-block-uagb-separator--icon\"><div class=\"wp-block-uagb-separator__inner\" style=\"--my-background-image:\"><div class=\"wp-block-uagb-separator-element\"><svg xmlns=\"https:\/\/www.w3.org\/2000\/svg\" viewBox=\"0 0 512 512\"><path d=\"M256 417.1c-16.38 0-32.88-4.1-46.88-15.12L0 250.9v213.1C0 490.5 21.5 512 48 512h416c26.5 0 48-21.5 48-47.1V250.9l-209.1 151.1C288.9 412 272.4 417.1 256 417.1zM493.6 163C484.8 156 476.4 149.5 464 140.1v-44.12c0-26.5-21.5-48-48-48l-77.5 .0016c-3.125-2.25-5.875-4.25-9.125-6.5C312.6 29.13 279.3-.3732 256 .0018C232.8-.3732 199.4 29.13 182.6 41.5c-3.25 2.25-6 4.25-9.125 6.5L96 48c-26.5 0-48 21.5-48 48v44.12C35.63 149.5 27.25 156 18.38 163C6.75 172 0 186 0 200.8v10.62l96 69.37V96h320v184.7l96-69.37V200.8C512 186 505.3 172 493.6 163zM176 255.1h160c8.836 0 16-7.164 16-15.1c0-8.838-7.164-16-16-16h-160c-8.836 0-16 7.162-16 16C160 248.8 167.2 255.1 176 255.1zM176 191.1h160c8.836 0 16-7.164 16-16c0-8.838-7.164-15.1-16-15.1h-160c-8.836 0-16 7.162-16 15.1C160 184.8 167.2 191.1 176 191.1z\"><\/path><\/svg><\/div><\/div><\/div>\n\n<\/div><\/div>\n","protected":false},"excerpt":{"rendered":"","protected":false},"author":1,"featured_media":0,"parent":0,"menu_order":0,"comment_status":"closed","ping_status":"closed","template":"","meta":{"pagelayer_contact_templates":[],"_pagelayer_content":"","_uag_custom_page_level_css":"","site-sidebar-layout":"default","site-content-layout":"","ast-site-content-layout":"default","site-content-style":"default","site-sidebar-style":"default","ast-global-header-display":"","ast-banner-title-visibility":"","ast-main-header-display":"","ast-hfb-above-header-display":"","ast-hfb-below-header-display":"","ast-hfb-mobile-header-display":"","site-post-title":"","ast-breadcrumbs-content":"","ast-featured-img":"","footer-sml-layout":"","ast-disable-related-posts":"","theme-transparent-header-meta":"","adv-header-id-meta":"","stick-header-meta":"","header-above-stick-meta":"","header-main-stick-meta":"","header-below-stick-meta":"","astra-migrate-meta-layouts":"default","ast-page-background-enabled":"default","ast-page-background-meta":{"desktop":{"background-color":"var(--ast-global-color-5)","background-image":"","background-repeat":"repeat","background-position":"center center","background-size":"auto","background-attachment":"scroll","background-type":"","background-media":"","overlay-type":"","overlay-color":"","overlay-opacity":"","overlay-gradient":""},"tablet":{"background-color":"","background-image":"","background-repeat":"repeat","background-position":"center center","background-size":"auto","background-attachment":"scroll","background-type":"","background-media":"","overlay-type":"","overlay-color":"","overlay-opacity":"","overlay-gradient":""},"mobile":{"background-color":"","background-image":"","background-repeat":"repeat","background-position":"center center","background-size":"auto","background-attachment":"scroll","background-type":"","background-media":"","overlay-type":"","overlay-color":"","overlay-opacity":"","overlay-gradient":""}},"ast-content-background-meta":{"desktop":{"background-color":"var(--ast-global-color-4)","background-image":"","background-repeat":"repeat","background-position":"center center","background-size":"auto","background-attachment":"scroll","background-type":"","background-media":"","overlay-type":"","overlay-color":"","overlay-opacity":"","overlay-gradient":""},"tablet":{"background-color":"var(--ast-global-color-4)","background-image":"","background-repeat":"repeat","background-position":"center center","background-size":"auto","background-attachment":"scroll","background-type":"","background-media":"","overlay-type":"","overlay-color":"","overlay-opacity":"","overlay-gradient":""},"mobile":{"background-color":"var(--ast-global-color-4)","background-image":"","background-repeat":"repeat","background-position":"center center","background-size":"auto","background-attachment":"scroll","background-type":"","background-media":"","overlay-type":"","overlay-color":"","overlay-opacity":"","overlay-gradient":""}},"footnotes":""},"class_list":["post-717","page","type-page","status-publish","hentry"],"uagb_featured_image_src":{"full":false,"thumbnail":false,"medium":false,"medium_large":false,"large":false,"1536x1536":false,"2048x2048":false},"uagb_author_info":{"display_name":"adminwordpresshhk","author_link":"https:\/\/holmestrand-hundeklubb.com\/hhk\/author\/adminwordpresshhk\/"},"uagb_comment_info":0,"uagb_excerpt":null,"rttpg_featured_image_url":null,"rttpg_author":{"display_name":"adminwordpresshhk","author_link":"https:\/\/holmestrand-hundeklubb.com\/hhk\/author\/adminwordpresshhk\/"},"rttpg_comment":0,"rttpg_category":null,"rttpg_excerpt":null,"_links":{"self":[{"href":"https:\/\/holmestrand-hundeklubb.com\/hhk\/wp-json\/wp\/v2\/pages\/717","targetHints":{"allow":["GET"]}}],"collection":[{"href":"https:\/\/holmestrand-hundeklubb.com\/hhk\/wp-json\/wp\/v2\/pages"}],"about":[{"href":"https:\/\/holmestrand-hundeklubb.com\/hhk\/wp-json\/wp\/v2\/types\/page"}],"author":[{"embeddable":true,"href":"https:\/\/holmestrand-hundeklubb.com\/hhk\/wp-json\/wp\/v2\/users\/1"}],"replies":[{"embeddable":true,"href":"https:\/\/holmestrand-hundeklubb.com\/hhk\/wp-json\/wp\/v2\/comments?post=717"}],"version-history":[{"count":0,"href":"https:\/\/holmestrand-hundeklubb.com\/hhk\/wp-json\/wp\/v2\/pages\/717\/revisions"}],"wp:attachment":[{"href":"https:\/\/holmestrand-hundeklubb.com\/hhk\/wp-json\/wp\/v2\/media?parent=717"}],"curies":[{"name":"wp","href":"https:\/\/api.w.org\/{rel}","templated":true}]}}