{"id":625,"date":"2026-02-15T00:37:33","date_gmt":"2026-02-14T23:37:33","guid":{"rendered":"https:\/\/holmestrand-hundeklubb.com\/hhk\/?page_id=625"},"modified":"2026-02-27T20:26:22","modified_gmt":"2026-02-27T19:26:22","slug":"sponsorer","status":"publish","type":"page","link":"https:\/\/holmestrand-hundeklubb.com\/hhk\/sponsorer\/","title":{"rendered":"Sponsorer"},"content":{"rendered":"\n\n\n<div class=\"wp-block-uagb-container uagb-block-a0eb7b07 alignfull uagb-is-root-container\"><div class=\"uagb-container-inner-blocks-wrap\">\n\n<div class=\"wp-block-uagb-container uagb-block-0b0187ac\">\n<div class=\"wp-block-uagb-image uagb-block-62ab5053 wp-block-uagb-image--layout-default wp-block-uagb-image--effect-static wp-block-uagb-image--align-none\"><figure class=\"wp-block-uagb-image__figure\"><img decoding=\"async\" srcset=\"https:\/\/holmestrand-hundeklubb.com\/hhk\/wp-content\/uploads\/2026\/02\/HHK-top-utenoverskrift1200.png ,https:\/\/holmestrand-hundeklubb.com\/hhk\/wp-content\/uploads\/2026\/02\/HHK-top-utenoverskrift1200.png 780w, https:\/\/holmestrand-hundeklubb.com\/hhk\/wp-content\/uploads\/2026\/02\/HHK-top-utenoverskrift1200.png 360w\" sizes=\"auto, (max-width: 480px) 150px\" src=\"https:\/\/holmestrand-hundeklubb.com\/hhk\/wp-content\/uploads\/2026\/02\/HHK-top-utenoverskrift1200.png\" alt=\"\" class=\"uag-image-58\" width=\"1100\" height=\"70\" title=\"\" loading=\"lazy\" role=\"img\"\/><\/figure><\/div>\n<\/div>\n\n\n\n<div class=\"wp-block-uagb-container uagb-block-b02f9692\">\nSponsorer\n<\/div>\n\n\n\n<div class=\"wp-block-uagb-separator uagb-block-88247b53 wp-block-uagb-separator--icon\"><div class=\"wp-block-uagb-separator__inner\" style=\"--my-background-image:\"><div class=\"wp-block-uagb-separator-element\"><svg xmlns=\"https:\/\/www.w3.org\/2000\/svg\" viewBox=\"0 0 512 512\"><path d=\"M256 224c-79.37 0-191.1 122.7-191.1 200.2C64.02 459.1 90.76 480 135.8 480C184.6 480 216.9 454.9 256 454.9C295.5 454.9 327.9 480 376.2 480c44.1 0 71.74-20.88 71.74-55.75C447.1 346.8 335.4 224 256 224zM108.8 211.4c-10.37-34.62-42.5-57.12-71.62-50.12S-7.104 202 3.27 236.6C13.64 271.3 45.77 293.8 74.89 286.8S119.1 246 108.8 211.4zM193.5 190.6c30.87-8.125 46.37-49.1 34.5-93.37s-46.5-71.1-77.49-63.87c-30.87 8.125-46.37 49.1-34.5 93.37C127.9 170.1 162.5 198.8 193.5 190.6zM474.9 161.3c-29.12-6.1-61.25 15.5-71.62 50.12c-10.37 34.63 4.75 68.37 33.87 75.37c29.12 6.1 61.12-15.5 71.62-50.12C519.1 202 503.1 168.3 474.9 161.3zM318.5 190.6c30.1 8.125 65.62-20.5 77.49-63.87c11.87-43.37-3.625-85.25-34.5-93.37c-30.1-8.125-65.62 20.5-77.49 63.87C272.1 140.6 287.6 182.5 318.5 190.6z\"><\/path><\/svg><\/div><\/div><\/div>\n\n\n\n<div class=\"wp-block-uagb-container uagb-block-3c73c680\">\n<div class=\"wp-block-uagb-info-box uagb-block-5354e7e1 uagb-infobox__content-wrap  uagb-infobox-icon-above-title uagb-infobox-image-valign-middle\"><div class=\"uagb-ifb-content\"><div class=\"uagb-ifb-image-content\"><img decoding=\"async\" src=\"https:\/\/holmestrand-hundeklubb.com\/hhk\/wp-content\/uploads\/2026\/02\/Holmestrand-hund-og-katt-550.png\" alt=\"\" width=\"400\" height=\"203\" loading=\"lazy\"\/><\/div><div class=\"uagb-ifb-title-wrap\"><h3 class=\"uagb-ifb-title\"><strong>VESTFOLDS BESTE DYREBUTIKK<\/strong><\/h3><\/div><div class=\"uagb-ifb-separator\"><\/div><p class=\"uagb-ifb-desc\">Holmestrand Hund og katt vet hva din bestevenn trenger!<br>Vi har et godt utvalg av utstyr til alle typer kj\u00e6ledyr,<br>med et st\u00f8rre fokus p\u00e5 hunder og katter.<br>Vi har alt du trenger \u2013 og litt til!<\/p><div class=\"uagb-ifb-button-wrapper wp-block-button\"><a href=\"https:\/\/www.holmestrandhundogkatt.no\/\" class=\"uagb-infobox-cta-link wp-block-button__link\" target=\"_blank\" rel=\"noopener noreferrer\" onclick=\"return true;\"><span class=\"uagb-inline-editing\">Til Websiden<\/span><\/a><\/div><\/div><\/div>\n<\/div>\n\n\n\n<div class=\"wp-block-uagb-separator uagb-block-8506453d wp-block-uagb-separator--icon\"><div class=\"wp-block-uagb-separator__inner\" style=\"--my-background-image:\"><div class=\"wp-block-uagb-separator-element\"><svg xmlns=\"https:\/\/www.w3.org\/2000\/svg\" viewBox=\"0 0 512 512\"><path d=\"M256 224c-79.37 0-191.1 122.7-191.1 200.2C64.02 459.1 90.76 480 135.8 480C184.6 480 216.9 454.9 256 454.9C295.5 454.9 327.9 480 376.2 480c44.1 0 71.74-20.88 71.74-55.75C447.1 346.8 335.4 224 256 224zM108.8 211.4c-10.37-34.62-42.5-57.12-71.62-50.12S-7.104 202 3.27 236.6C13.64 271.3 45.77 293.8 74.89 286.8S119.1 246 108.8 211.4zM193.5 190.6c30.87-8.125 46.37-49.1 34.5-93.37s-46.5-71.1-77.49-63.87c-30.87 8.125-46.37 49.1-34.5 93.37C127.9 170.1 162.5 198.8 193.5 190.6zM474.9 161.3c-29.12-6.1-61.25 15.5-71.62 50.12c-10.37 34.63 4.75 68.37 33.87 75.37c29.12 6.1 61.12-15.5 71.62-50.12C519.1 202 503.1 168.3 474.9 161.3zM318.5 190.6c30.1 8.125 65.62-20.5 77.49-63.87c11.87-43.37-3.625-85.25-34.5-93.37c-30.1-8.125-65.62 20.5-77.49 63.87C272.1 140.6 287.6 182.5 318.5 190.6z\"><\/path><\/svg><\/div><\/div><\/div>\n\n<\/div><\/div>\n","protected":false},"excerpt":{"rendered":"","protected":false},"author":1,"featured_media":0,"parent":0,"menu_order":0,"comment_status":"closed","ping_status":"closed","template":"","meta":{"pagelayer_contact_templates":[],"_pagelayer_content":"","_uag_custom_page_level_css":"","site-sidebar-layout":"default","site-content-layout":"","ast-site-content-layout":"default","site-content-style":"default","site-sidebar-style":"default","ast-global-header-display":"","ast-banner-title-visibility":"","ast-main-header-display":"","ast-hfb-above-header-display":"","ast-hfb-below-header-display":"","ast-hfb-mobile-header-display":"","site-post-title":"","ast-breadcrumbs-content":"","ast-featured-img":"","footer-sml-layout":"","ast-disable-related-posts":"","theme-transparent-header-meta":"","adv-header-id-meta":"","stick-header-meta":"","header-above-stick-meta":"","header-main-stick-meta":"","header-below-stick-meta":"","astra-migrate-meta-layouts":"default","ast-page-background-enabled":"default","ast-page-background-meta":{"desktop":{"background-color":"var(--ast-global-color-5)","background-image":"","background-repeat":"repeat","background-position":"center center","background-size":"auto","background-attachment":"scroll","background-type":"","background-media":"","overlay-type":"","overlay-color":"","overlay-opacity":"","overlay-gradient":""},"tablet":{"background-color":"","background-image":"","background-repeat":"repeat","background-position":"center center","background-size":"auto","background-attachment":"scroll","background-type":"","background-media":"","overlay-type":"","overlay-color":"","overlay-opacity":"","overlay-gradient":""},"mobile":{"background-color":"","background-image":"","background-repeat":"repeat","background-position":"center center","background-size":"auto","background-attachment":"scroll","background-type":"","background-media":"","overlay-type":"","overlay-color":"","overlay-opacity":"","overlay-gradient":""}},"ast-content-background-meta":{"desktop":{"background-color":"var(--ast-global-color-4)","background-image":"","background-repeat":"repeat","background-position":"center center","background-size":"auto","background-attachment":"scroll","background-type":"","background-media":"","overlay-type":"","overlay-color":"","overlay-opacity":"","overlay-gradient":""},"tablet":{"background-color":"var(--ast-global-color-4)","background-image":"","background-repeat":"repeat","background-position":"center center","background-size":"auto","background-attachment":"scroll","background-type":"","background-media":"","overlay-type":"","overlay-color":"","overlay-opacity":"","overlay-gradient":""},"mobile":{"background-color":"var(--ast-global-color-4)","background-image":"","background-repeat":"repeat","background-position":"center center","background-size":"auto","background-attachment":"scroll","background-type":"","background-media":"","overlay-type":"","overlay-color":"","overlay-opacity":"","overlay-gradient":""}},"footnotes":""},"class_list":["post-625","page","type-page","status-publish","hentry"],"uagb_featured_image_src":{"full":false,"thumbnail":false,"medium":false,"medium_large":false,"large":false,"1536x1536":false,"2048x2048":false},"uagb_author_info":{"display_name":"adminwordpresshhk","author_link":"https:\/\/holmestrand-hundeklubb.com\/hhk\/author\/adminwordpresshhk\/"},"uagb_comment_info":0,"uagb_excerpt":null,"rttpg_featured_image_url":null,"rttpg_author":{"display_name":"adminwordpresshhk","author_link":"https:\/\/holmestrand-hundeklubb.com\/hhk\/author\/adminwordpresshhk\/"},"rttpg_comment":0,"rttpg_category":null,"rttpg_excerpt":null,"_links":{"self":[{"href":"https:\/\/holmestrand-hundeklubb.com\/hhk\/wp-json\/wp\/v2\/pages\/625","targetHints":{"allow":["GET"]}}],"collection":[{"href":"https:\/\/holmestrand-hundeklubb.com\/hhk\/wp-json\/wp\/v2\/pages"}],"about":[{"href":"https:\/\/holmestrand-hundeklubb.com\/hhk\/wp-json\/wp\/v2\/types\/page"}],"author":[{"embeddable":true,"href":"https:\/\/holmestrand-hundeklubb.com\/hhk\/wp-json\/wp\/v2\/users\/1"}],"replies":[{"embeddable":true,"href":"https:\/\/holmestrand-hundeklubb.com\/hhk\/wp-json\/wp\/v2\/comments?post=625"}],"version-history":[{"count":0,"href":"https:\/\/holmestrand-hundeklubb.com\/hhk\/wp-json\/wp\/v2\/pages\/625\/revisions"}],"wp:attachment":[{"href":"https:\/\/holmestrand-hundeklubb.com\/hhk\/wp-json\/wp\/v2\/media?parent=625"}],"curies":[{"name":"wp","href":"https:\/\/api.w.org\/{rel}","templated":true}]}}