{"id":309,"date":"2026-02-13T19:28:30","date_gmt":"2026-02-13T18:28:30","guid":{"rendered":"https:\/\/holmestrand-hundeklubb.com\/hhk\/?page_id=309"},"modified":"2026-02-27T17:15:40","modified_gmt":"2026-02-27T16:15:40","slug":"agility","status":"publish","type":"page","link":"https:\/\/holmestrand-hundeklubb.com\/hhk\/agility\/","title":{"rendered":"Agility"},"content":{"rendered":"\n\n\n<div class=\"wp-block-uagb-container uagb-block-a0eb7b07 alignfull uagb-is-root-container\"><div class=\"uagb-container-inner-blocks-wrap\">\n\n<div class=\"wp-block-uagb-container uagb-block-1e65873a\">\n<div class=\"wp-block-uagb-image uagb-block-62ab5053 wp-block-uagb-image--layout-default wp-block-uagb-image--effect-static wp-block-uagb-image--align-none\"><figure class=\"wp-block-uagb-image__figure\"><img decoding=\"async\" srcset=\"https:\/\/holmestrand-hundeklubb.com\/hhk\/wp-content\/uploads\/2026\/02\/HHK-top-utenoverskrift1200.png ,https:\/\/holmestrand-hundeklubb.com\/hhk\/wp-content\/uploads\/2026\/02\/HHK-top-utenoverskrift1200.png 780w, https:\/\/holmestrand-hundeklubb.com\/hhk\/wp-content\/uploads\/2026\/02\/HHK-top-utenoverskrift1200.png 360w\" sizes=\"auto, (max-width: 480px) 150px\" src=\"https:\/\/holmestrand-hundeklubb.com\/hhk\/wp-content\/uploads\/2026\/02\/HHK-top-utenoverskrift1200.png\" alt=\"\" class=\"uag-image-58\" width=\"1100\" height=\"70\" title=\"\" loading=\"lazy\" role=\"img\"\/><\/figure><\/div>\n<\/div>\n\n\n\n<div class=\"wp-block-uagb-container uagb-block-2ecf662d\">\nAgility\n<\/div>\n\n\n\n<div class=\"wp-block-uagb-separator uagb-block-a71f64ab wp-block-uagb-separator--icon\"><div class=\"wp-block-uagb-separator__inner\" style=\"--my-background-image:\"><div class=\"wp-block-uagb-separator-element\"><svg xmlns=\"https:\/\/www.w3.org\/2000\/svg\" viewBox=\"0 0 512 512\"><path d=\"M256 224c-79.37 0-191.1 122.7-191.1 200.2C64.02 459.1 90.76 480 135.8 480C184.6 480 216.9 454.9 256 454.9C295.5 454.9 327.9 480 376.2 480c44.1 0 71.74-20.88 71.74-55.75C447.1 346.8 335.4 224 256 224zM108.8 211.4c-10.37-34.62-42.5-57.12-71.62-50.12S-7.104 202 3.27 236.6C13.64 271.3 45.77 293.8 74.89 286.8S119.1 246 108.8 211.4zM193.5 190.6c30.87-8.125 46.37-49.1 34.5-93.37s-46.5-71.1-77.49-63.87c-30.87 8.125-46.37 49.1-34.5 93.37C127.9 170.1 162.5 198.8 193.5 190.6zM474.9 161.3c-29.12-6.1-61.25 15.5-71.62 50.12c-10.37 34.63 4.75 68.37 33.87 75.37c29.12 6.1 61.12-15.5 71.62-50.12C519.1 202 503.1 168.3 474.9 161.3zM318.5 190.6c30.1 8.125 65.62-20.5 77.49-63.87c11.87-43.37-3.625-85.25-34.5-93.37c-30.1-8.125-65.62 20.5-77.49 63.87C272.1 140.6 287.6 182.5 318.5 190.6z\"><\/path><\/svg><\/div><\/div><\/div>\n\n\n\n<div class=\"wp-block-uagb-container uagb-block-b013f60c\">\n<div class=\"wp-block-uagb-info-box uagb-block-5354e7e1 uagb-infobox__content-wrap  uagb-infobox-icon-left-title uagb-infobox-left uagb-infobox-image-valign-top\"><div class=\"uagb-ifb-content\"><div class=\"uagb-ifb-left-title-image\"><div class=\"uagb-ifb-icon-wrap\"><svg xmlns=\"https:\/\/www.w3.org\/2000\/svg\" viewBox=\"0 0 512 512\"><path d=\"M256 224c-79.37 0-191.1 122.7-191.1 200.2C64.02 459.1 90.76 480 135.8 480C184.6 480 216.9 454.9 256 454.9C295.5 454.9 327.9 480 376.2 480c44.1 0 71.74-20.88 71.74-55.75C447.1 346.8 335.4 224 256 224zM108.8 211.4c-10.37-34.62-42.5-57.12-71.62-50.12S-7.104 202 3.27 236.6C13.64 271.3 45.77 293.8 74.89 286.8S119.1 246 108.8 211.4zM193.5 190.6c30.87-8.125 46.37-49.1 34.5-93.37s-46.5-71.1-77.49-63.87c-30.87 8.125-46.37 49.1-34.5 93.37C127.9 170.1 162.5 198.8 193.5 190.6zM474.9 161.3c-29.12-6.1-61.25 15.5-71.62 50.12c-10.37 34.63 4.75 68.37 33.87 75.37c29.12 6.1 61.12-15.5 71.62-50.12C519.1 202 503.1 168.3 474.9 161.3zM318.5 190.6c30.1 8.125 65.62-20.5 77.49-63.87c11.87-43.37-3.625-85.25-34.5-93.37c-30.1-8.125-65.62 20.5-77.49 63.87C272.1 140.6 287.6 182.5 318.5 190.6z\"><\/path><\/svg><\/div><div class=\"uagb-ifb-title-wrap\"><\/div><\/div><p class=\"uagb-ifb-desc\">Agility er en fartsfylt og spennende aktivitet hvor hund og f\u00f8rer m\u00e5 samarbeide gjennom en hinderbane ved hjelp av kroppsspr\u00e5k og styringskommandoer. Agilitybanen (hinderl\u00f8pet) best\u00e5r av diverse hindre som blir satt i et system etter bestemte regler.<br><br>Hinderne kan v\u00e6re bommer, vipper, slalom, tunnel (p\u00f8lse eller r\u00f8r), bord, lengdehopp, h\u00f8ydehopp, hjul eller m\u00f8ne.<br>Ordet agility kommer fra engelsk spr\u00e5k og betyr \u201cevne til \u00e5 bevege seg hurtig, smidig og lett\u201d.<\/p><\/div><\/div>\n<\/div>\n\n\n\n\n\n\n<div class=\"wp-block-uagb-tabs uagb-block-2015b713 uagb-tabs__wrap uagb-tabs__vstyle8-desktop uagb-tabs__vstyle6-tablet uagb-tabs__stack1-mobile\" data-tab-active=\"0\"><ul class=\"uagb-tabs__panel uagb-tabs__align-left\" role=\"tablist\"><li class=\"uagb-tab uagb-tabs__active\" role=\"none\"><a href=\"#uagb-tabs__tab0\" class=\"uagb-tabs-list uagb-tabs__icon-position-left\" data-tab=\"0\" role=\"tab\"><span class=\"uagb-tabs__icon\"><svg xmlns=\"https:\/\/www.w3.org\/2000\/svg\" viewBox=\"0 0 512 512\"><path d=\"M256 224c-79.37 0-191.1 122.7-191.1 200.2C64.02 459.1 90.76 480 135.8 480C184.6 480 216.9 454.9 256 454.9C295.5 454.9 327.9 480 376.2 480c44.1 0 71.74-20.88 71.74-55.75C447.1 346.8 335.4 224 256 224zM108.8 211.4c-10.37-34.62-42.5-57.12-71.62-50.12S-7.104 202 3.27 236.6C13.64 271.3 45.77 293.8 74.89 286.8S119.1 246 108.8 211.4zM193.5 190.6c30.87-8.125 46.37-49.1 34.5-93.37s-46.5-71.1-77.49-63.87c-30.87 8.125-46.37 49.1-34.5 93.37C127.9 170.1 162.5 198.8 193.5 190.6zM474.9 161.3c-29.12-6.1-61.25 15.5-71.62 50.12c-10.37 34.63 4.75 68.37 33.87 75.37c29.12 6.1 61.12-15.5 71.62-50.12C519.1 202 503.1 168.3 474.9 161.3zM318.5 190.6c30.1 8.125 65.62-20.5 77.49-63.87c11.87-43.37-3.625-85.25-34.5-93.37c-30.1-8.125-65.62 20.5-77.49 63.87C272.1 140.6 287.6 182.5 318.5 190.6z\"><\/path><\/svg><\/span><div>Agility<\/div><\/a><\/li><li class=\"uagb-tab \" role=\"none\"><a href=\"#uagb-tabs__tab1\" class=\"uagb-tabs-list uagb-tabs__icon-position-left\" data-tab=\"1\" role=\"tab\"><span class=\"uagb-tabs__icon\"><svg xmlns=\"https:\/\/www.w3.org\/2000\/svg\" viewBox=\"0 0 512 512\"><path d=\"M256 224c-79.37 0-191.1 122.7-191.1 200.2C64.02 459.1 90.76 480 135.8 480C184.6 480 216.9 454.9 256 454.9C295.5 454.9 327.9 480 376.2 480c44.1 0 71.74-20.88 71.74-55.75C447.1 346.8 335.4 224 256 224zM108.8 211.4c-10.37-34.62-42.5-57.12-71.62-50.12S-7.104 202 3.27 236.6C13.64 271.3 45.77 293.8 74.89 286.8S119.1 246 108.8 211.4zM193.5 190.6c30.87-8.125 46.37-49.1 34.5-93.37s-46.5-71.1-77.49-63.87c-30.87 8.125-46.37 49.1-34.5 93.37C127.9 170.1 162.5 198.8 193.5 190.6zM474.9 161.3c-29.12-6.1-61.25 15.5-71.62 50.12c-10.37 34.63 4.75 68.37 33.87 75.37c29.12 6.1 61.12-15.5 71.62-50.12C519.1 202 503.1 168.3 474.9 161.3zM318.5 190.6c30.1 8.125 65.62-20.5 77.49-63.87c11.87-43.37-3.625-85.25-34.5-93.37c-30.1-8.125-65.62 20.5-77.49 63.87C272.1 140.6 287.6 182.5 318.5 190.6z\"><\/path><\/svg><\/span><div>Opprinnelse<\/div><\/a><\/li><li class=\"uagb-tab \" role=\"none\"><a href=\"#uagb-tabs__tab2\" class=\"uagb-tabs-list uagb-tabs__icon-position-left\" data-tab=\"2\" role=\"tab\"><span class=\"uagb-tabs__icon\"><svg xmlns=\"https:\/\/www.w3.org\/2000\/svg\" viewBox=\"0 0 512 512\"><path d=\"M256 224c-79.37 0-191.1 122.7-191.1 200.2C64.02 459.1 90.76 480 135.8 480C184.6 480 216.9 454.9 256 454.9C295.5 454.9 327.9 480 376.2 480c44.1 0 71.74-20.88 71.74-55.75C447.1 346.8 335.4 224 256 224zM108.8 211.4c-10.37-34.62-42.5-57.12-71.62-50.12S-7.104 202 3.27 236.6C13.64 271.3 45.77 293.8 74.89 286.8S119.1 246 108.8 211.4zM193.5 190.6c30.87-8.125 46.37-49.1 34.5-93.37s-46.5-71.1-77.49-63.87c-30.87 8.125-46.37 49.1-34.5 93.37C127.9 170.1 162.5 198.8 193.5 190.6zM474.9 161.3c-29.12-6.1-61.25 15.5-71.62 50.12c-10.37 34.63 4.75 68.37 33.87 75.37c29.12 6.1 61.12-15.5 71.62-50.12C519.1 202 503.1 168.3 474.9 161.3zM318.5 190.6c30.1 8.125 65.62-20.5 77.49-63.87c11.87-43.37-3.625-85.25-34.5-93.37c-30.1-8.125-65.62 20.5-77.49 63.87C272.1 140.6 287.6 182.5 318.5 190.6z\"><\/path><\/svg><\/span><div>Agilitybanen<\/div><\/a><\/li><li class=\"uagb-tab \" role=\"none\"><a href=\"#uagb-tabs__tab3\" class=\"uagb-tabs-list uagb-tabs__icon-position-left\" data-tab=\"3\" role=\"tab\"><span class=\"uagb-tabs__icon\"><svg xmlns=\"https:\/\/www.w3.org\/2000\/svg\" viewBox=\"0 0 512 512\"><path d=\"M256 224c-79.37 0-191.1 122.7-191.1 200.2C64.02 459.1 90.76 480 135.8 480C184.6 480 216.9 454.9 256 454.9C295.5 454.9 327.9 480 376.2 480c44.1 0 71.74-20.88 71.74-55.75C447.1 346.8 335.4 224 256 224zM108.8 211.4c-10.37-34.62-42.5-57.12-71.62-50.12S-7.104 202 3.27 236.6C13.64 271.3 45.77 293.8 74.89 286.8S119.1 246 108.8 211.4zM193.5 190.6c30.87-8.125 46.37-49.1 34.5-93.37s-46.5-71.1-77.49-63.87c-30.87 8.125-46.37 49.1-34.5 93.37C127.9 170.1 162.5 198.8 193.5 190.6zM474.9 161.3c-29.12-6.1-61.25 15.5-71.62 50.12c-10.37 34.63 4.75 68.37 33.87 75.37c29.12 6.1 61.12-15.5 71.62-50.12C519.1 202 503.1 168.3 474.9 161.3zM318.5 190.6c30.1 8.125 65.62-20.5 77.49-63.87c11.87-43.37-3.625-85.25-34.5-93.37c-30.1-8.125-65.62 20.5-77.49 63.87C272.1 140.6 287.6 182.5 318.5 190.6z\"><\/path><\/svg><\/span><div>Trening \/ Konkurranse<\/div><\/a><\/li><li class=\"uagb-tab \" role=\"none\"><a href=\"#uagb-tabs__tab4\" class=\"uagb-tabs-list uagb-tabs__icon-position-left\" data-tab=\"4\" role=\"tab\"><span class=\"uagb-tabs__icon\"><svg xmlns=\"https:\/\/www.w3.org\/2000\/svg\" viewBox=\"0 0 512 512\"><path d=\"M256 224c-79.37 0-191.1 122.7-191.1 200.2C64.02 459.1 90.76 480 135.8 480C184.6 480 216.9 454.9 256 454.9C295.5 454.9 327.9 480 376.2 480c44.1 0 71.74-20.88 71.74-55.75C447.1 346.8 335.4 224 256 224zM108.8 211.4c-10.37-34.62-42.5-57.12-71.62-50.12S-7.104 202 3.27 236.6C13.64 271.3 45.77 293.8 74.89 286.8S119.1 246 108.8 211.4zM193.5 190.6c30.87-8.125 46.37-49.1 34.5-93.37s-46.5-71.1-77.49-63.87c-30.87 8.125-46.37 49.1-34.5 93.37C127.9 170.1 162.5 198.8 193.5 190.6zM474.9 161.3c-29.12-6.1-61.25 15.5-71.62 50.12c-10.37 34.63 4.75 68.37 33.87 75.37c29.12 6.1 61.12-15.5 71.62-50.12C519.1 202 503.1 168.3 474.9 161.3zM318.5 190.6c30.1 8.125 65.62-20.5 77.49-63.87c11.87-43.37-3.625-85.25-34.5-93.37c-30.1-8.125-65.62 20.5-77.49 63.87C272.1 140.6 287.6 182.5 318.5 190.6z\"><\/path><\/svg><\/span><div>Premiering<\/div><\/a><\/li><li class=\"uagb-tab \" role=\"none\"><a href=\"#uagb-tabs__tab5\" class=\"uagb-tabs-list uagb-tabs__icon-position-left\" data-tab=\"5\" role=\"tab\"><span class=\"uagb-tabs__icon\"><svg xmlns=\"https:\/\/www.w3.org\/2000\/svg\" viewBox=\"0 0 512 512\"><path d=\"M256 224c-79.37 0-191.1 122.7-191.1 200.2C64.02 459.1 90.76 480 135.8 480C184.6 480 216.9 454.9 256 454.9C295.5 454.9 327.9 480 376.2 480c44.1 0 71.74-20.88 71.74-55.75C447.1 346.8 335.4 224 256 224zM108.8 211.4c-10.37-34.62-42.5-57.12-71.62-50.12S-7.104 202 3.27 236.6C13.64 271.3 45.77 293.8 74.89 286.8S119.1 246 108.8 211.4zM193.5 190.6c30.87-8.125 46.37-49.1 34.5-93.37s-46.5-71.1-77.49-63.87c-30.87 8.125-46.37 49.1-34.5 93.37C127.9 170.1 162.5 198.8 193.5 190.6zM474.9 161.3c-29.12-6.1-61.25 15.5-71.62 50.12c-10.37 34.63 4.75 68.37 33.87 75.37c29.12 6.1 61.12-15.5 71.62-50.12C519.1 202 503.1 168.3 474.9 161.3zM318.5 190.6c30.1 8.125 65.62-20.5 77.49-63.87c11.87-43.37-3.625-85.25-34.5-93.37c-30.1-8.125-65.62 20.5-77.49 63.87C272.1 140.6 287.6 182.5 318.5 190.6z\"><\/path><\/svg><\/span><div>Hunder<\/div><\/a><\/li><\/ul><div class=\"uagb-tabs__body-wrap\">\n<div class=\"wp-block-uagb-tabs-child uagb-tabs__body-container uagb-inner-tab-0\" aria-labelledby=\"uagb-tabs__tab0\">\n<div class=\"wp-block-uagb-info-box uagb-block-2ff83d90 uagb-infobox__content-wrap  uagb-infobox-icon-above-title uagb-infobox-image-valign-top\"><div class=\"uagb-ifb-content\"><div class=\"uagb-ifb-title-wrap\"><\/div><p class=\"uagb-ifb-desc\">Agility betegner en form for hundesport som fokuserer p\u00e5 samspill og samarbeid mellom hund og hundef\u00f8rer i konkurranser som foreg\u00e5r i en l\u00f8ype med forskjellige hindre som hunden skal passere i riktig rekkef\u00f8lge, med f\u00e6rrest mulig feil, p\u00e5 kortest mulig tid. Hundef\u00f8reren bidrar aktivt med styringskommandoer hunden m\u00e5 f\u00f8lge for \u00e5 lykkes.<\/p><\/div><\/div>\n<\/div>\n\n\n\n<div class=\"wp-block-uagb-tabs-child uagb-tabs__body-container uagb-inner-tab-1\" aria-labelledby=\"uagb-tabs__tab1\">\n<div class=\"wp-block-uagb-info-box uagb-block-304c2fcc uagb-infobox__content-wrap  uagb-infobox-icon-above-title uagb-infobox-image-valign-top\"><div class=\"uagb-ifb-content\"><div class=\"uagb-ifb-title-wrap\"><\/div><p class=\"uagb-ifb-desc\">Ordet&nbsp;agility&nbsp;kommer fra&nbsp;engelsk spr\u00e5k&nbsp;og betyr \u00abevne til \u00e5 bevege seg hurtig, smidig og lett\u00bb. Det har sin opprinnelse i det latinske&nbsp;agilissom p\u00e5 norsk finnes i ordet&nbsp;agere, \u00e5 handle eller \u00e5 gj\u00f8re.<br><br>Denne hundesporten, som ikke har f\u00e5tt et norskspr\u00e5klig navn, har sin opprinnelse i&nbsp;Storbritannia, og ble f\u00f8rste gang presentert offentlig p\u00e5&nbsp;Crufts Dog Show&nbsp;i&nbsp;London&nbsp;i&nbsp;februar&nbsp;1978. Like etter ble sporten eksportert til&nbsp;USA. I Norge ble agility godkjent som konkurranseform av&nbsp;NKK&nbsp;den&nbsp;27. januar&nbsp;1986.<br><br>Bakgrunnen for sporten var en hendelse fra&nbsp;1977, der et medlem av&nbsp;Crufts Show Committee,&nbsp;John Varley, fikk i oppdrag \u00e5 organisere et morsomt og fengende innslag i pausene mellom lydighetschampion-mesterskapet og gruppebed\u00f8mmelsene i den store showringen. John Varley var egentlig hesteinteressert og tok utgangspunkt i sprangridning med hest da han planla innslaget. Siden han ikke hadde s\u00e6rlig erfaring med hunder selv, kontaktet han sin venn&nbsp;Peter Meanwell, en kjent hundedommer og lydighetsut\u00f8ver, og spurte om han kunne hjelpe med \u00e5 konstruere hinder og regler til en slik \u00f8velse, ut fra sin kunnskap og erfaring med hunder. Resultatet ble agility.<\/p><\/div><\/div>\n<\/div>\n\n\n\n<div class=\"wp-block-uagb-tabs-child uagb-tabs__body-container uagb-inner-tab-2\" aria-labelledby=\"uagb-tabs__tab2\">\n<div class=\"wp-block-uagb-info-box uagb-block-5c9106f5 uagb-infobox__content-wrap  uagb-infobox-icon-above-title uagb-infobox-image-valign-top\"><div class=\"uagb-ifb-content\"><div class=\"uagb-ifb-title-wrap\"><\/div><p class=\"uagb-ifb-desc\">Agility ut\u00f8ves p\u00e5 en agilitybane der hindre er satt i system etter bestemte regler. Hindrene kan v\u00e6re h\u00f8ydehopp, oxer (dobbelthinder), mur, bord, balansebom, vippe, m\u00f8ne, slal\u00e5m, tunnel, p\u00f8lse, hjul og lengdehopp satt i system og kombinasjoner. Utformingen av banen er utelukkende opp til dommeren og dommerens fantasi, men den naturlige siden \u00e5 handle hunden p\u00e5 m\u00e5 skifte minst to ganger. Det arrangeres ogs\u00e5 agilitykonkurranser for lag og i hopp.<br><br>Det skal v\u00e6re minst 15 og maks 22 hindre med en avstand p\u00e5 mellom a og 7 meter, avhengig av st\u00f8rrelsesklasse. Ikke f\u00e6rre enn 7 av hindrene skal v\u00e6re hoppehinder. Et standard sett med konkurransehindre m\u00e5 inneholde minst 14 h\u00f8ydehopp-hindre. Den totale banelengden hunden skal tilbakelegge skal v\u00e6re mellom 100 og 200 m. Banest\u00f8rrelsen kan variere ganske mye, men ringen man trenger for \u00e5 bygge banen b\u00f8r v\u00e6re minst 30 x 40 meter. Innen dette omr\u00e5de skanl banen bygges med en minimum st\u00f8rrelse av 20 x 40 meter.<\/p><\/div><\/div>\n<\/div>\n\n\n\n<div class=\"wp-block-uagb-tabs-child uagb-tabs__body-container uagb-inner-tab-3\" aria-labelledby=\"uagb-tabs__tab3\">\n<div class=\"wp-block-uagb-info-box uagb-block-64b5626b uagb-infobox__content-wrap  uagb-infobox-icon-above-title uagb-infobox-image-valign-top\"><div class=\"uagb-ifb-content\"><div class=\"uagb-ifb-title-wrap\"><\/div><p class=\"uagb-ifb-desc\">Agility krever mye trening om man vil bli god. De beste ekvipasjene med registrerte rasehunder kan komme med p\u00e5 landslaget, men de fleste velger \u00e5 drive med denne sporten for sin egen og hundens forn\u00f8yelse.<br><br>Det arrangeres konkurranser i agility p\u00e5 lokalt, nasjonalt og internasjonalt plan, herunder ogs\u00e5 Norges- og Verdensmesterskap. VM er arrangert \u00e5rlig siden 1996. Statistikk fra VM viser at Norge er nr 19 p\u00e5 adelskalenderen med 4 medaljer, hvorav 1 gull.<br>I Norge organiseres agilitymilj\u00f8et av de lokale hundeklubbene, med&nbsp;Norsk Kennel Klubb&nbsp;som topporgan.<br><br><strong>St\u00f8rrelsesklassene<\/strong><br>Det konkurreres i tre st\u00f8rrelsesklasser. Deltakeren melder selv hunden p\u00e5 i riktig klasse. En godkjent dommer m\u00e5 m\u00e5le hunden f\u00f8r f\u00f8rste konkurranse. Ved tvil kan dommeren forlange hunden kontrollm\u00e5lt. En hund som har deltatt i en st\u00f8rrelsesklasse kan ikke senere meldes p\u00e5 i en annen st\u00f8rrelsesklasse, med mindre den blir flyttet som f\u00f8lge av kontrollm\u00e5ling.<br><br>\u00a4 Small (mankeh\u00f8yde &lt;35 cm)<br>\u00a4 Medium (mankeh\u00f8yde mellom 35 og 43 cm)<br>\u00a4 Large (mankeh\u00f8yde f.o.m. 43 cm)<br><br><strong>Klasseinndeling<\/strong><br>Det er 2 offisielle konkurranseformer:&nbsp;<strong>Agility<\/strong>, som inkluderer kontaktfelthindre.&nbsp;<strong>Hopp<\/strong>, uten kontaktfelt-hindre.<br><br>\u00a4 Agility\/Hopp klasse 1: For hunder som ikke tidligere har stilt i en h\u00f8yere klasse.<br><br>\u00a4 Agility\/Hopp klasse 2: Hunder som 3 ganger har oppn\u00e5dd 0,00 feilpoeng og plassert seg topp 15&nbsp;% i klasse 1, og som ikke tidligere har stilt i h\u00f8yere klasse, kan stille i klasse 2.<br><br>\u00a4 Agility\/Hopp klasse 3: Hunder som 3 ganger har oppn\u00e5dd 0,00 feilpoeng i klasse 2, og samtidig plassert seg blant de 3 beste i klassen, eller topp 15&nbsp;%. Cert deles ut til den beste feilfrie hunden som er kvalifisert til \u00e5 oppn\u00e5 cert, i hhv. agility eller hopp.<br><br>Opprykk i henhold til norske eller utenlandske stevner som arrangeres av FCI tilknyttede kennelklubber eller deres medlemsklubber har gyldighet i Norge.<br><br><strong>Lagklassen<\/strong><br>Hvert lag kan best\u00e5 av 3 eller 4 forskjellige hunder med forskjellige f\u00f8rere (ekvipasje) med minst 2 forskjellige f\u00f8rere. Bare de 3 beste ekvipasjene teller. Deltakere p\u00e5 et lag skal ogs\u00e5 v\u00e6re p\u00e5meldt i en av de individuelle klassene. Kun klubber som har samarbeidsstatus med NKK kan delta med lag. Klubben melder laget p\u00e5. F\u00f8rerne av samtlige hunder p\u00e5 et lag m\u00e5 v\u00e6re medlem i klubben. Et lag er en helhet og utgj\u00f8r ett katalognummer. F\u00f8r start i lagklassen (eller f\u00f8r tidspunkt angitt av arrang\u00f8ren) p\u00e5 stevnedagen, meddeler klubben til ringsekret\u00e6ren hvilke individuelle ekvipasjer (katalognummer) som skal delta p\u00e5 hvilket lag. En og samme hund kan kun delta for \u00e9n raseklubb samt for \u00e9n ikke-raseklubb pr. kalender\u00e5r.<\/p><\/div><\/div>\n<\/div>\n\n\n\n<div class=\"wp-block-uagb-tabs-child uagb-tabs__body-container uagb-inner-tab-4\" aria-labelledby=\"uagb-tabs__tab4\">\n<div class=\"wp-block-uagb-info-box uagb-block-de7548c9 uagb-infobox__content-wrap  uagb-infobox-icon-above-title uagb-infobox-image-valign-top\"><div class=\"uagb-ifb-content\"><div class=\"uagb-ifb-title-wrap\"><\/div><p class=\"uagb-ifb-desc\">Plasseringene bestemmes ut fra sum av feilpoeng. Feil deles inn i&nbsp;tidsfeil&nbsp;(for \u00e5 ikke ha fullf\u00f8rt banen innen utl\u00f8pet av fastsatt standardtid) og&nbsp;banefeil&nbsp;(feil for \u00e5 ikke ha utf\u00f8rt banen korrekt). I de tilfeller der sum av feilpoeng er like, plasseres hunden med minst banefeil f\u00f8rst. I de tilfeller der sum feil og banefeil er like plasseres hunden med raskest tid f\u00f8rst. <br>Det fines fire premiegrader i agility: <br>&laquo;excellent&raquo; (0-5,99 feilpoeng), <br>&laquo;very good&raquo; (6-15,99 feilpoeng), <br>&laquo;good&raquo; (16-25,99 feilpoeng) og <br>&laquo;no qualification&raquo; (&gt;26 feilpoeng). <br>Dessuten finnes ogs\u00e5 Agilitymerker, CERT og championat i henhold til regelverket<\/p><\/div><\/div>\n<\/div>\n\n\n\n<div class=\"wp-block-uagb-tabs-child uagb-tabs__body-container uagb-inner-tab-5\" aria-labelledby=\"uagb-tabs__tab5\">\n<p class=\"has-black-color has-text-color has-link-color wp-elements-146ea2c227ee50fae82a9515be1c2bd9\" style=\"font-size:14px;line-height:1.2\">Alle hunder (med unntak jf. Mattilsynets forskrift nr. 614) kan delta i agility, men noen raser ser ut til \u00e5 ha st\u00f8rre potensial en andre. de mest popul\u00e6re hundene er: shetland sheepdog, border collie, jack russel terrier, puddel, pyreneisk gjeterhund og belgisk f\u00e5rehund.<\/p>\n<\/div>\n<\/div><\/div>\n\n\n\n<div class=\"wp-block-uagb-info-box uagb-block-ccc57c56 uagb-infobox__content-wrap  uagb-infobox_cta-type-all uagb-infobox-icon-above-title uagb-infobox-image-valign-top\"><a href=\"https:\/\/www.facebook.com\/groups\/HHK.Agility.gruppe\" class=\"uagb-infobox-link-wrap uagb-infbox__link-to-all\" target=\"_blank\" aria-label=\"Infobox Link\" rel=\"noopener noreferrer\" onclick=\"return true;\"><\/a><div class=\"uagb-ifb-content\"><div class=\"uagb-ifb-image-content\"><img decoding=\"async\" src=\"https:\/\/holmestrand-hundeklubb.com\/hhk\/wp-content\/uploads\/2026\/02\/social_facebook.png\" alt=\"\" width=\"\" height=\"0\" loading=\"lazy\"\/><\/div><div class=\"uagb-ifb-title-wrap\"><\/div><p class=\"uagb-ifb-desc\">Agility Facebook gruppe<\/p><div class=\"uagb-ifb-button-wrapper wp-block-button\"><\/div><\/div><\/div>\n\n\n\n<div class=\"wp-block-uagb-separator uagb-block-8506453d wp-block-uagb-separator--icon\"><div class=\"wp-block-uagb-separator__inner\" style=\"--my-background-image:\"><div class=\"wp-block-uagb-separator-element\"><svg xmlns=\"https:\/\/www.w3.org\/2000\/svg\" viewBox=\"0 0 512 512\"><path d=\"M256 224c-79.37 0-191.1 122.7-191.1 200.2C64.02 459.1 90.76 480 135.8 480C184.6 480 216.9 454.9 256 454.9C295.5 454.9 327.9 480 376.2 480c44.1 0 71.74-20.88 71.74-55.75C447.1 346.8 335.4 224 256 224zM108.8 211.4c-10.37-34.62-42.5-57.12-71.62-50.12S-7.104 202 3.27 236.6C13.64 271.3 45.77 293.8 74.89 286.8S119.1 246 108.8 211.4zM193.5 190.6c30.87-8.125 46.37-49.1 34.5-93.37s-46.5-71.1-77.49-63.87c-30.87 8.125-46.37 49.1-34.5 93.37C127.9 170.1 162.5 198.8 193.5 190.6zM474.9 161.3c-29.12-6.1-61.25 15.5-71.62 50.12c-10.37 34.63 4.75 68.37 33.87 75.37c29.12 6.1 61.12-15.5 71.62-50.12C519.1 202 503.1 168.3 474.9 161.3zM318.5 190.6c30.1 8.125 65.62-20.5 77.49-63.87c11.87-43.37-3.625-85.25-34.5-93.37c-30.1-8.125-65.62 20.5-77.49 63.87C272.1 140.6 287.6 182.5 318.5 190.6z\"><\/path><\/svg><\/div><\/div><\/div>\n\n<\/div><\/div>\n","protected":false},"excerpt":{"rendered":"","protected":false},"author":1,"featured_media":0,"parent":0,"menu_order":0,"comment_status":"closed","ping_status":"closed","template":"","meta":{"pagelayer_contact_templates":[],"_pagelayer_content":"","_uag_custom_page_level_css":"","site-sidebar-layout":"default","site-content-layout":"","ast-site-content-layout":"default","site-content-style":"default","site-sidebar-style":"default","ast-global-header-display":"","ast-banner-title-visibility":"","ast-main-header-display":"","ast-hfb-above-header-display":"","ast-hfb-below-header-display":"","ast-hfb-mobile-header-display":"","site-post-title":"","ast-breadcrumbs-content":"","ast-featured-img":"","footer-sml-layout":"","ast-disable-related-posts":"","theme-transparent-header-meta":"","adv-header-id-meta":"","stick-header-meta":"","header-above-stick-meta":"","header-main-stick-meta":"","header-below-stick-meta":"","astra-migrate-meta-layouts":"default","ast-page-background-enabled":"default","ast-page-background-meta":{"desktop":{"background-color":"var(--ast-global-color-5)","background-image":"","background-repeat":"repeat","background-position":"center center","background-size":"auto","background-attachment":"scroll","background-type":"","background-media":"","overlay-type":"","overlay-color":"","overlay-opacity":"","overlay-gradient":""},"tablet":{"background-color":"","background-image":"","background-repeat":"repeat","background-position":"center center","background-size":"auto","background-attachment":"scroll","background-type":"","background-media":"","overlay-type":"","overlay-color":"","overlay-opacity":"","overlay-gradient":""},"mobile":{"background-color":"","background-image":"","background-repeat":"repeat","background-position":"center center","background-size":"auto","background-attachment":"scroll","background-type":"","background-media":"","overlay-type":"","overlay-color":"","overlay-opacity":"","overlay-gradient":""}},"ast-content-background-meta":{"desktop":{"background-color":"var(--ast-global-color-4)","background-image":"","background-repeat":"repeat","background-position":"center center","background-size":"auto","background-attachment":"scroll","background-type":"","background-media":"","overlay-type":"","overlay-color":"","overlay-opacity":"","overlay-gradient":""},"tablet":{"background-color":"var(--ast-global-color-4)","background-image":"","background-repeat":"repeat","background-position":"center center","background-size":"auto","background-attachment":"scroll","background-type":"","background-media":"","overlay-type":"","overlay-color":"","overlay-opacity":"","overlay-gradient":""},"mobile":{"background-color":"var(--ast-global-color-4)","background-image":"","background-repeat":"repeat","background-position":"center center","background-size":"auto","background-attachment":"scroll","background-type":"","background-media":"","overlay-type":"","overlay-color":"","overlay-opacity":"","overlay-gradient":""}},"footnotes":""},"class_list":["post-309","page","type-page","status-publish","hentry"],"uagb_featured_image_src":{"full":false,"thumbnail":false,"medium":false,"medium_large":false,"large":false,"1536x1536":false,"2048x2048":false},"uagb_author_info":{"display_name":"adminwordpresshhk","author_link":"https:\/\/holmestrand-hundeklubb.com\/hhk\/author\/adminwordpresshhk\/"},"uagb_comment_info":0,"uagb_excerpt":null,"rttpg_featured_image_url":null,"rttpg_author":{"display_name":"adminwordpresshhk","author_link":"https:\/\/holmestrand-hundeklubb.com\/hhk\/author\/adminwordpresshhk\/"},"rttpg_comment":0,"rttpg_category":null,"rttpg_excerpt":null,"_links":{"self":[{"href":"https:\/\/holmestrand-hundeklubb.com\/hhk\/wp-json\/wp\/v2\/pages\/309","targetHints":{"allow":["GET"]}}],"collection":[{"href":"https:\/\/holmestrand-hundeklubb.com\/hhk\/wp-json\/wp\/v2\/pages"}],"about":[{"href":"https:\/\/holmestrand-hundeklubb.com\/hhk\/wp-json\/wp\/v2\/types\/page"}],"author":[{"embeddable":true,"href":"https:\/\/holmestrand-hundeklubb.com\/hhk\/wp-json\/wp\/v2\/users\/1"}],"replies":[{"embeddable":true,"href":"https:\/\/holmestrand-hundeklubb.com\/hhk\/wp-json\/wp\/v2\/comments?post=309"}],"version-history":[{"count":0,"href":"https:\/\/holmestrand-hundeklubb.com\/hhk\/wp-json\/wp\/v2\/pages\/309\/revisions"}],"wp:attachment":[{"href":"https:\/\/holmestrand-hundeklubb.com\/hhk\/wp-json\/wp\/v2\/media?parent=309"}],"curies":[{"name":"wp","href":"https:\/\/api.w.org\/{rel}","templated":true}]}}