{"id":293,"date":"2026-02-13T18:06:28","date_gmt":"2026-02-13T17:06:28","guid":{"rendered":"https:\/\/holmestrand-hundeklubb.com\/hhk\/?page_id=293"},"modified":"2026-02-27T19:40:25","modified_gmt":"2026-02-27T18:40:25","slug":"brukshund","status":"publish","type":"page","link":"https:\/\/holmestrand-hundeklubb.com\/hhk\/brukshund\/","title":{"rendered":"Brukshund"},"content":{"rendered":"\n\n\n<div class=\"wp-block-uagb-container uagb-block-a0eb7b07 alignfull uagb-is-root-container\"><div class=\"uagb-container-inner-blocks-wrap\">\n\n<div class=\"wp-block-uagb-container uagb-block-e6b6ff0a\">\n<div class=\"wp-block-uagb-image uagb-block-62ab5053 wp-block-uagb-image--layout-default wp-block-uagb-image--effect-static wp-block-uagb-image--align-none\"><figure class=\"wp-block-uagb-image__figure\"><img decoding=\"async\" srcset=\"https:\/\/holmestrand-hundeklubb.com\/hhk\/wp-content\/uploads\/2026\/02\/HHK-top-utenoverskrift1200.png ,https:\/\/holmestrand-hundeklubb.com\/hhk\/wp-content\/uploads\/2026\/02\/HHK-top-utenoverskrift1200.png 780w, https:\/\/holmestrand-hundeklubb.com\/hhk\/wp-content\/uploads\/2026\/02\/HHK-top-utenoverskrift1200.png 360w\" sizes=\"auto, (max-width: 480px) 150px\" src=\"https:\/\/holmestrand-hundeklubb.com\/hhk\/wp-content\/uploads\/2026\/02\/HHK-top-utenoverskrift1200.png\" alt=\"\" class=\"uag-image-58\" width=\"1100\" height=\"70\" title=\"\" loading=\"lazy\" role=\"img\"\/><\/figure><\/div>\n<\/div>\n\n\n\n<div class=\"wp-block-uagb-container uagb-block-e52ff0a2\">\nBrukshund\n<\/div>\n\n\n\n<div class=\"wp-block-uagb-separator uagb-block-12be5dd5 wp-block-uagb-separator--icon\"><div class=\"wp-block-uagb-separator__inner\" style=\"--my-background-image:\"><div class=\"wp-block-uagb-separator-element\"><svg xmlns=\"https:\/\/www.w3.org\/2000\/svg\" viewBox=\"0 0 512 512\"><path d=\"M256 224c-79.37 0-191.1 122.7-191.1 200.2C64.02 459.1 90.76 480 135.8 480C184.6 480 216.9 454.9 256 454.9C295.5 454.9 327.9 480 376.2 480c44.1 0 71.74-20.88 71.74-55.75C447.1 346.8 335.4 224 256 224zM108.8 211.4c-10.37-34.62-42.5-57.12-71.62-50.12S-7.104 202 3.27 236.6C13.64 271.3 45.77 293.8 74.89 286.8S119.1 246 108.8 211.4zM193.5 190.6c30.87-8.125 46.37-49.1 34.5-93.37s-46.5-71.1-77.49-63.87c-30.87 8.125-46.37 49.1-34.5 93.37C127.9 170.1 162.5 198.8 193.5 190.6zM474.9 161.3c-29.12-6.1-61.25 15.5-71.62 50.12c-10.37 34.63 4.75 68.37 33.87 75.37c29.12 6.1 61.12-15.5 71.62-50.12C519.1 202 503.1 168.3 474.9 161.3zM318.5 190.6c30.1 8.125 65.62-20.5 77.49-63.87c11.87-43.37-3.625-85.25-34.5-93.37c-30.1-8.125-65.62 20.5-77.49 63.87C272.1 140.6 287.6 182.5 318.5 190.6z\"><\/path><\/svg><\/div><\/div><\/div>\n\n\n\n\n<div class=\"wp-block-uagb-container uagb-block-a8ebc93e\">\n<div class=\"wp-block-uagb-info-box uagb-block-5354e7e1 uagb-infobox__content-wrap  uagb-infobox-icon-above-title uagb-infobox-image-valign-top\"><div class=\"uagb-ifb-content\"><div class=\"uagb-ifb-title-wrap\"><\/div><p class=\"uagb-ifb-desc\">Brukshund&nbsp;er et begrep som benyttes om&nbsp;hunder&nbsp;som har f\u00e5tt trening i \u00e5 utf\u00f8re en eller flere nyttige oppgaver, enten alene eller sammen med en hundef\u00f8rer. Per definisjon blir da en brukshund en hund som brukes til noe praktisk. Alle arbeidende hunder kan derfor kalles brukshunder. De mest klassiske brukshundene er&nbsp;gjeterhunder&nbsp;og&nbsp;jakthunder.<br><br>Gjeterhunden er ofte b\u00e5de arbeidskamerat og&nbsp;familiehund, hvis tjenester i jobbsammenheng kan v\u00e6re sv\u00e6rt fordelaktige for eksempelvis en&nbsp;sauebonde. Jakthunden er n\u00e5 mer en kombinert fritidspartner og familiehund i den industrialiserte delen av verden, hvis tjenester for det meste er rent terapeutiske og sportslige. F\u00f8r i tiden og i mange andre samfunn var og er fortsatt jakthunder et viktig og n\u00f8dvendig redskap til matauk.<br><br>Mange moderne brukshunder f\u00e5r spesialtrening i \u00e5 utf\u00f8re bestemte oppgaver for \u00e5 assistere oss mennesker. I s\u00e5 m\u00e5te er&nbsp;f\u00f8rerhunder,&nbsp;servicehunder,&nbsp;narkotikahunder&nbsp;og&nbsp;etters\u00f8kshunder&nbsp;gode eksempler p\u00e5 hva moderne brukshunder kan brukes til. I senere \u00e5r har det ogs\u00e5 dukket opp hunder som har f\u00e5tt spesialtrening i \u00e5 avdekke bestemte&nbsp;sykdommer&nbsp;og lignende. Disse kalles i et samlebegrep for&nbsp;spesials\u00f8kshunder. Tester har vist at slike hunder kan oppdage for eksempel visse former for&nbsp;kreft&nbsp;p\u00e5 et mye tidligere stadium i sykdommens utvikling enn moderne maskiner kan.<br><br>Brukshunder kan inndeles p\u00e5 mange forskjellige m\u00e5ter. Man kan for eksempel skille mellom sivile og offentlige&nbsp;tjenestehunder. F\u00f8rerhunder,&nbsp;terapihunder og&nbsp;lavinehunder&nbsp;er eksempler p\u00e5 det f\u00f8rste.&nbsp;Milit\u00e6rhunder,&nbsp;politihunder&nbsp;og&nbsp;tollhunder&nbsp;er eksempler p\u00e5 det siste.<br>I noen sammenhenger kan ogs\u00e5 hunder som brukes til&nbsp;hundesport&nbsp;kalles brukshunder, helst i den grad det skjer av terapeutiske \u00e5rsaker.<br><br><strong>Valg av hund<\/strong><br><br>Alle hunder kan bli brukshunder, uansett rase og blandingsforhold. Mange hunderaser er imidlertid avlet fram med tanke p\u00e5 at hundene skal utf\u00f8re bestemte oppgaver. Slike raser vil derfor i mange sammenhenger ha bedre forutsetninger til \u00e5 utf\u00f8re bestemte oppgaver enn raser som er avlet til andre form\u00e5l.&nbsp;St\u00f8vere&nbsp;(hundegruppe) er i s\u00e5 m\u00e5te et godt eksempel p\u00e5 hunder som avles fram p\u00e5 grunn av typens sv\u00e6rt godt utviklede&nbsp;luktesans. Hundetypen vil derfor kunne bli en utmerket&nbsp;sporhund&nbsp;eller&nbsp;s\u00f8kshund, siden luktesansen er sv\u00e6rt viktig for slike oppgaver. Imidlertid m\u00e5 ogs\u00e5 hunder som velges til \u00e5 utf\u00f8re bestemte oppgaver gjerne ogs\u00e5 ha en rekke andre egenskaper som passer inn, for eksempel temperament, st\u00f8rrelse, fysikk, trenabilitet osv.<br><br>Mange skiller mellom typiske brukshundraser og andre&nbsp;hunderaser. For eksempel blir gjerne visse typer&nbsp;f\u00e5rehunder&nbsp;og&nbsp;vakt- og vokterhunder&nbsp;som&nbsp;Sch\u00e4ferhund,&nbsp;Malinois&nbsp;og&nbsp;Rottweiler&nbsp;fortrukket som tjenestehunder i&nbsp;politi- og&nbsp;milit\u00e6rsammenheng, mens&nbsp;apporterende hunder&nbsp;som&nbsp;Labrador Retriever&nbsp;og&nbsp;Cocker Spaniel&nbsp;foretrekkes i sivil sammenheng, for eksempel som&nbsp;narkotikahund&nbsp;eller&nbsp;f\u00f8rerhund&nbsp;for blinde og svaksynte.<\/p><\/div><\/div>\n<\/div>\n\n\n\n<div class=\"wp-block-uagb-tabs uagb-block-2015b713 uagb-tabs__wrap uagb-tabs__hstyle3-desktop uagb-tabs__vstyle6-tablet uagb-tabs__stack1-mobile\" data-tab-active=\"0\"><ul class=\"uagb-tabs__panel uagb-tabs__align-left\" role=\"tablist\"><li class=\"uagb-tab uagb-tabs__active\" role=\"none\"><a href=\"#uagb-tabs__tab0\" class=\"uagb-tabs-list uagb-tabs__icon-position-left\" data-tab=\"0\" role=\"tab\"><span class=\"uagb-tabs__icon\"><svg xmlns=\"https:\/\/www.w3.org\/2000\/svg\" viewBox=\"0 0 512 512\"><path d=\"M256 224c-79.37 0-191.1 122.7-191.1 200.2C64.02 459.1 90.76 480 135.8 480C184.6 480 216.9 454.9 256 454.9C295.5 454.9 327.9 480 376.2 480c44.1 0 71.74-20.88 71.74-55.75C447.1 346.8 335.4 224 256 224zM108.8 211.4c-10.37-34.62-42.5-57.12-71.62-50.12S-7.104 202 3.27 236.6C13.64 271.3 45.77 293.8 74.89 286.8S119.1 246 108.8 211.4zM193.5 190.6c30.87-8.125 46.37-49.1 34.5-93.37s-46.5-71.1-77.49-63.87c-30.87 8.125-46.37 49.1-34.5 93.37C127.9 170.1 162.5 198.8 193.5 190.6zM474.9 161.3c-29.12-6.1-61.25 15.5-71.62 50.12c-10.37 34.63 4.75 68.37 33.87 75.37c29.12 6.1 61.12-15.5 71.62-50.12C519.1 202 503.1 168.3 474.9 161.3zM318.5 190.6c30.1 8.125 65.62-20.5 77.49-63.87c11.87-43.37-3.625-85.25-34.5-93.37c-30.1-8.125-65.62 20.5-77.49 63.87C272.1 140.6 287.6 182.5 318.5 190.6z\"><\/path><\/svg><\/span><div>Rundering<\/div><\/a><\/li><li class=\"uagb-tab \" role=\"none\"><a href=\"#uagb-tabs__tab1\" class=\"uagb-tabs-list uagb-tabs__icon-position-left\" data-tab=\"1\" role=\"tab\"><span class=\"uagb-tabs__icon\"><svg xmlns=\"https:\/\/www.w3.org\/2000\/svg\" viewBox=\"0 0 512 512\"><path d=\"M256 224c-79.37 0-191.1 122.7-191.1 200.2C64.02 459.1 90.76 480 135.8 480C184.6 480 216.9 454.9 256 454.9C295.5 454.9 327.9 480 376.2 480c44.1 0 71.74-20.88 71.74-55.75C447.1 346.8 335.4 224 256 224zM108.8 211.4c-10.37-34.62-42.5-57.12-71.62-50.12S-7.104 202 3.27 236.6C13.64 271.3 45.77 293.8 74.89 286.8S119.1 246 108.8 211.4zM193.5 190.6c30.87-8.125 46.37-49.1 34.5-93.37s-46.5-71.1-77.49-63.87c-30.87 8.125-46.37 49.1-34.5 93.37C127.9 170.1 162.5 198.8 193.5 190.6zM474.9 161.3c-29.12-6.1-61.25 15.5-71.62 50.12c-10.37 34.63 4.75 68.37 33.87 75.37c29.12 6.1 61.12-15.5 71.62-50.12C519.1 202 503.1 168.3 474.9 161.3zM318.5 190.6c30.1 8.125 65.62-20.5 77.49-63.87c11.87-43.37-3.625-85.25-34.5-93.37c-30.1-8.125-65.62 20.5-77.49 63.87C272.1 140.6 287.6 182.5 318.5 190.6z\"><\/path><\/svg><\/span><div>Felts\u00f8k<\/div><\/a><\/li><li class=\"uagb-tab \" role=\"none\"><a href=\"#uagb-tabs__tab2\" class=\"uagb-tabs-list uagb-tabs__icon-position-left\" data-tab=\"2\" role=\"tab\"><span class=\"uagb-tabs__icon\"><svg xmlns=\"https:\/\/www.w3.org\/2000\/svg\" viewBox=\"0 0 512 512\"><path d=\"M256 224c-79.37 0-191.1 122.7-191.1 200.2C64.02 459.1 90.76 480 135.8 480C184.6 480 216.9 454.9 256 454.9C295.5 454.9 327.9 480 376.2 480c44.1 0 71.74-20.88 71.74-55.75C447.1 346.8 335.4 224 256 224zM108.8 211.4c-10.37-34.62-42.5-57.12-71.62-50.12S-7.104 202 3.27 236.6C13.64 271.3 45.77 293.8 74.89 286.8S119.1 246 108.8 211.4zM193.5 190.6c30.87-8.125 46.37-49.1 34.5-93.37s-46.5-71.1-77.49-63.87c-30.87 8.125-46.37 49.1-34.5 93.37C127.9 170.1 162.5 198.8 193.5 190.6zM474.9 161.3c-29.12-6.1-61.25 15.5-71.62 50.12c-10.37 34.63 4.75 68.37 33.87 75.37c29.12 6.1 61.12-15.5 71.62-50.12C519.1 202 503.1 168.3 474.9 161.3zM318.5 190.6c30.1 8.125 65.62-20.5 77.49-63.87c11.87-43.37-3.625-85.25-34.5-93.37c-30.1-8.125-65.62 20.5-77.49 63.87C272.1 140.6 287.6 182.5 318.5 190.6z\"><\/path><\/svg><\/span><div>Spor \/ Blodspor<\/div><\/a><\/li><\/ul><div class=\"uagb-tabs__body-wrap\">\n<div class=\"wp-block-uagb-tabs-child uagb-tabs__body-container uagb-inner-tab-0\" aria-labelledby=\"uagb-tabs__tab0\">\n<div class=\"wp-block-uagb-image aligncenter uagb-block-9f2b7b15 wp-block-uagb-image--layout-default wp-block-uagb-image--effect-static wp-block-uagb-image--align-center\"><figure class=\"wp-block-uagb-image__figure\"><img decoding=\"async\" srcset=\"https:\/\/holmestrand-hundeklubb.com\/hhk\/wp-content\/uploads\/2026\/02\/nbf_spor.jpg ,https:\/\/holmestrand-hundeklubb.com\/hhk\/wp-content\/uploads\/2026\/02\/nbf_spor.jpg 780w, https:\/\/holmestrand-hundeklubb.com\/hhk\/wp-content\/uploads\/2026\/02\/nbf_spor.jpg 360w\" sizes=\"auto, (max-width: 480px) 150px\" src=\"https:\/\/holmestrand-hundeklubb.com\/hhk\/wp-content\/uploads\/2026\/02\/nbf_spor.jpg\" alt=\"\" class=\"uag-image-257\" width=\"300\" height=\"167\" title=\"nbf_spor\" loading=\"lazy\" role=\"img\"\/><\/figure><\/div>\n\n\n\n<div class=\"wp-block-uagb-info-box uagb-block-722bdd31 uagb-infobox__content-wrap  uagb-infobox-icon-above-title uagb-infobox-image-valign-top\"><div class=\"uagb-ifb-content\"><div class=\"uagb-ifb-title-wrap\"><\/div><p class=\"uagb-ifb-desc\">Rundering er en s\u00f8ks\u00f8velse som g\u00e5r ut p\u00e5 at hunden skal finne mennesker i skogen. I konkurranse g\u00e5r hundef\u00f8rer i midten(midt-linja) av et ca. 100 m bredt omr\u00e5de og sender hunden ca 50m ut i terrenget p\u00e5 hver side for \u00e5 s\u00f8ket etter mennesker (figuranter) hunden skal bruke nesen for \u00e5 finne figurantene \u00e5 melde i fra ved hjelp av halsgivning eller bringkobbel til hundef\u00f8rer at den har funnet figurantene. Antall figuranter, lengde og s\u00f8kstid p\u00e5 runderingsl\u00f8ypa avhenger av hvilken klasse man starter i.<\/p><\/div><\/div>\n<\/div>\n\n\n\n<div class=\"wp-block-uagb-tabs-child uagb-tabs__body-container uagb-inner-tab-1\" aria-labelledby=\"uagb-tabs__tab1\">\n<div class=\"wp-block-uagb-image aligncenter uagb-block-ccd0b049 wp-block-uagb-image--layout-default wp-block-uagb-image--effect-static wp-block-uagb-image--align-center\"><figure class=\"wp-block-uagb-image__figure\"><img decoding=\"async\" srcset=\"https:\/\/holmestrand-hundeklubb.com\/hhk\/wp-content\/uploads\/2026\/02\/Brukshund2.png ,https:\/\/holmestrand-hundeklubb.com\/hhk\/wp-content\/uploads\/2026\/02\/Brukshund2.png 780w, https:\/\/holmestrand-hundeklubb.com\/hhk\/wp-content\/uploads\/2026\/02\/Brukshund2.png 360w\" sizes=\"auto, (max-width: 480px) 150px\" src=\"https:\/\/holmestrand-hundeklubb.com\/hhk\/wp-content\/uploads\/2026\/02\/Brukshund2.png\" alt=\"\" class=\"uag-image-253\" width=\"300\" height=\"192\" title=\"Brukshund2\" loading=\"lazy\" role=\"img\"\/><\/figure><\/div>\n\n\n\n<div class=\"wp-block-uagb-info-box uagb-block-0f4b2ef8 uagb-infobox__content-wrap  uagb-infobox-icon-above-title uagb-infobox-image-valign-top\"><div class=\"uagb-ifb-content\"><div class=\"uagb-ifb-title-wrap\"><\/div><p class=\"uagb-ifb-desc\">Rundering er en s\u00f8ks\u00f8velse som g\u00e5r ut p\u00e5 at hunden skal finne mennesker i skogen. I konkurranse g\u00e5r hundef\u00f8rer i midten(midt-linja) av et ca. 100 m bredt omr\u00e5de og sender hunden ca 50m Felts\u00f8k&nbsp;eller&nbsp;felt&nbsp;er en s\u00f8ks\u00f8velse som inng\u00e5r som et element i bl.a.&nbsp;brukshundsport. \u00d8velsen g\u00e5r ut p\u00e5 at&nbsp;hunden&nbsp;skal finne gjenstander som er lagt ut i et definert felt i skogen. Felts\u00f8k er gjerne en sv\u00e6rt anstrengende, men spennende&nbsp;hundesport&nbsp;for hunden. I konkurranser arrangert av&nbsp;brukshundsport&nbsp;er feltet et oppmerket, overtr\u00e5kket omr\u00e5de p\u00e5 50 * 50 m. Det blir lagt ut 4 gjenstander (f.eks. en hanske, lue, el.). Hund og f\u00f8rer har 5 minutter til r\u00e5dighet til \u00e5 finne gjenstandene. Hundef\u00f8rer sender hunden inn i feltet p\u00e5 s\u00f8k etter gjenstander fra den ene ytterkanten. N\u00e5r hunden finner en gjenstand skal den bringe (apportering) den inn til hundef\u00f8rer. Felts\u00f8k inng\u00e5r sammen med&nbsp;spor,&nbsp;rundering&nbsp;eller&nbsp;rapport&nbsp;i de to h\u00f8yeste klassene (A og B). Utenom nevnte konkurranseform kan feltet naturligvis variere i st\u00f8rrelse. Det er imidlertid ingen fordel \u00e5 begynne \u00e5 l\u00e6re hunden felts\u00f8k i et altfor lite, stort eller komplisert felt.<\/p><\/div><\/div>\n<\/div>\n\n\n\n<div class=\"wp-block-uagb-tabs-child uagb-tabs__body-container uagb-inner-tab-2\" aria-labelledby=\"uagb-tabs__tab2\">\n<div class=\"wp-block-uagb-image aligncenter uagb-block-7ff44fc0 wp-block-uagb-image--layout-default wp-block-uagb-image--effect-static wp-block-uagb-image--align-center\"><figure class=\"wp-block-uagb-image__figure\"><img decoding=\"async\" srcset=\"https:\/\/holmestrand-hundeklubb.com\/hhk\/wp-content\/uploads\/2026\/02\/480x.jpg ,https:\/\/holmestrand-hundeklubb.com\/hhk\/wp-content\/uploads\/2026\/02\/480x.jpg 780w, https:\/\/holmestrand-hundeklubb.com\/hhk\/wp-content\/uploads\/2026\/02\/480x.jpg 360w\" sizes=\"auto, (max-width: 480px) 150px\" src=\"https:\/\/holmestrand-hundeklubb.com\/hhk\/wp-content\/uploads\/2026\/02\/480x.jpg\" alt=\"\" class=\"uag-image-248\" width=\"300\" height=\"200\" title=\"480x\" loading=\"lazy\" role=\"img\"\/><\/figure><\/div>\n\n\n\n<div class=\"wp-block-uagb-info-box uagb-block-c509b67f uagb-infobox__content-wrap  uagb-infobox-icon-above-title uagb-infobox-image-valign-top\"><div class=\"uagb-ifb-content\"><div class=\"uagb-ifb-title-wrap\"><\/div><p class=\"uagb-ifb-desc\">Spor \u00c5 f\u00f8lge spor er helt naturlig for hunden. N\u00e5r vi trener og konkurrerer i spor \u00f8nsker vi at hunden skal finne og f\u00f8lge et menneske-spor gjennom varierende terreng og ulike retninger. Den skal kunne l\u00f8se selvstendig eventuelle problemer underveis og markere utlagte gjenstander (pinner). I laveste klasse (D) legger f\u00f8rer selv ut sporet. I de \u00f8vrige klassene er sporet ukjent for f\u00f8rer. Blodspor Vi har for tiden ingen organisert gruppe som trener blodspor, men det er enkeltmedlemmer som driver med dette. Ved interesse kan vi pr\u00f8ve \u00e5 f\u00e5 i gang kurs.<\/p><\/div><\/div>\n<\/div>\n<\/div><\/div>\n\n\n\n<div class=\"wp-block-uagb-info-box uagb-block-ccc57c56 uagb-infobox__content-wrap  uagb-infobox_cta-type-all uagb-infobox-icon-above-title uagb-infobox-image-valign-top\"><a href=\"https:\/\/www.facebook.com\/groups\/227900012176085\" class=\"uagb-infobox-link-wrap uagb-infbox__link-to-all\" target=\"_blank\" aria-label=\"Infobox Link\" rel=\"noopener noreferrer\" onclick=\"return true;\"><\/a><div class=\"uagb-ifb-content\"><div class=\"uagb-ifb-image-content\"><img decoding=\"async\" src=\"https:\/\/holmestrand-hundeklubb.com\/hhk\/wp-content\/uploads\/2026\/02\/social_facebook.png\" alt=\"\" width=\"\" height=\"0\" loading=\"lazy\"\/><\/div><div class=\"uagb-ifb-title-wrap\"><\/div><p class=\"uagb-ifb-desc\">Brukshund Facebook gruppe<\/p><div class=\"uagb-ifb-button-wrapper wp-block-button\"><\/div><\/div><\/div>\n\n\n\n<div class=\"wp-block-uagb-separator uagb-block-8506453d wp-block-uagb-separator--icon\"><div class=\"wp-block-uagb-separator__inner\" style=\"--my-background-image:\"><div class=\"wp-block-uagb-separator-element\"><svg xmlns=\"https:\/\/www.w3.org\/2000\/svg\" viewBox=\"0 0 512 512\"><path d=\"M256 224c-79.37 0-191.1 122.7-191.1 200.2C64.02 459.1 90.76 480 135.8 480C184.6 480 216.9 454.9 256 454.9C295.5 454.9 327.9 480 376.2 480c44.1 0 71.74-20.88 71.74-55.75C447.1 346.8 335.4 224 256 224zM108.8 211.4c-10.37-34.62-42.5-57.12-71.62-50.12S-7.104 202 3.27 236.6C13.64 271.3 45.77 293.8 74.89 286.8S119.1 246 108.8 211.4zM193.5 190.6c30.87-8.125 46.37-49.1 34.5-93.37s-46.5-71.1-77.49-63.87c-30.87 8.125-46.37 49.1-34.5 93.37C127.9 170.1 162.5 198.8 193.5 190.6zM474.9 161.3c-29.12-6.1-61.25 15.5-71.62 50.12c-10.37 34.63 4.75 68.37 33.87 75.37c29.12 6.1 61.12-15.5 71.62-50.12C519.1 202 503.1 168.3 474.9 161.3zM318.5 190.6c30.1 8.125 65.62-20.5 77.49-63.87c11.87-43.37-3.625-85.25-34.5-93.37c-30.1-8.125-65.62 20.5-77.49 63.87C272.1 140.6 287.6 182.5 318.5 190.6z\"><\/path><\/svg><\/div><\/div><\/div>\n<\/div><\/div>\n","protected":false},"excerpt":{"rendered":"","protected":false},"author":1,"featured_media":0,"parent":0,"menu_order":0,"comment_status":"closed","ping_status":"closed","template":"","meta":{"pagelayer_contact_templates":[],"_pagelayer_content":"","_uag_custom_page_level_css":"","site-sidebar-layout":"default","site-content-layout":"","ast-site-content-layout":"default","site-content-style":"default","site-sidebar-style":"default","ast-global-header-display":"","ast-banner-title-visibility":"","ast-main-header-display":"","ast-hfb-above-header-display":"","ast-hfb-below-header-display":"","ast-hfb-mobile-header-display":"","site-post-title":"","ast-breadcrumbs-content":"","ast-featured-img":"","footer-sml-layout":"","ast-disable-related-posts":"","theme-transparent-header-meta":"","adv-header-id-meta":"","stick-header-meta":"","header-above-stick-meta":"","header-main-stick-meta":"","header-below-stick-meta":"","astra-migrate-meta-layouts":"default","ast-page-background-enabled":"default","ast-page-background-meta":{"desktop":{"background-color":"var(--ast-global-color-5)","background-image":"","background-repeat":"repeat","background-position":"center center","background-size":"auto","background-attachment":"scroll","background-type":"","background-media":"","overlay-type":"","overlay-color":"","overlay-opacity":"","overlay-gradient":""},"tablet":{"background-color":"","background-image":"","background-repeat":"repeat","background-position":"center center","background-size":"auto","background-attachment":"scroll","background-type":"","background-media":"","overlay-type":"","overlay-color":"","overlay-opacity":"","overlay-gradient":""},"mobile":{"background-color":"","background-image":"","background-repeat":"repeat","background-position":"center center","background-size":"auto","background-attachment":"scroll","background-type":"","background-media":"","overlay-type":"","overlay-color":"","overlay-opacity":"","overlay-gradient":""}},"ast-content-background-meta":{"desktop":{"background-color":"var(--ast-global-color-4)","background-image":"","background-repeat":"repeat","background-position":"center center","background-size":"auto","background-attachment":"scroll","background-type":"","background-media":"","overlay-type":"","overlay-color":"","overlay-opacity":"","overlay-gradient":""},"tablet":{"background-color":"var(--ast-global-color-4)","background-image":"","background-repeat":"repeat","background-position":"center center","background-size":"auto","background-attachment":"scroll","background-type":"","background-media":"","overlay-type":"","overlay-color":"","overlay-opacity":"","overlay-gradient":""},"mobile":{"background-color":"var(--ast-global-color-4)","background-image":"","background-repeat":"repeat","background-position":"center center","background-size":"auto","background-attachment":"scroll","background-type":"","background-media":"","overlay-type":"","overlay-color":"","overlay-opacity":"","overlay-gradient":""}},"footnotes":""},"class_list":["post-293","page","type-page","status-publish","hentry"],"uagb_featured_image_src":{"full":false,"thumbnail":false,"medium":false,"medium_large":false,"large":false,"1536x1536":false,"2048x2048":false},"uagb_author_info":{"display_name":"adminwordpresshhk","author_link":"https:\/\/holmestrand-hundeklubb.com\/hhk\/author\/adminwordpresshhk\/"},"uagb_comment_info":0,"uagb_excerpt":null,"rttpg_featured_image_url":null,"rttpg_author":{"display_name":"adminwordpresshhk","author_link":"https:\/\/holmestrand-hundeklubb.com\/hhk\/author\/adminwordpresshhk\/"},"rttpg_comment":0,"rttpg_category":null,"rttpg_excerpt":null,"_links":{"self":[{"href":"https:\/\/holmestrand-hundeklubb.com\/hhk\/wp-json\/wp\/v2\/pages\/293","targetHints":{"allow":["GET"]}}],"collection":[{"href":"https:\/\/holmestrand-hundeklubb.com\/hhk\/wp-json\/wp\/v2\/pages"}],"about":[{"href":"https:\/\/holmestrand-hundeklubb.com\/hhk\/wp-json\/wp\/v2\/types\/page"}],"author":[{"embeddable":true,"href":"https:\/\/holmestrand-hundeklubb.com\/hhk\/wp-json\/wp\/v2\/users\/1"}],"replies":[{"embeddable":true,"href":"https:\/\/holmestrand-hundeklubb.com\/hhk\/wp-json\/wp\/v2\/comments?post=293"}],"version-history":[{"count":0,"href":"https:\/\/holmestrand-hundeklubb.com\/hhk\/wp-json\/wp\/v2\/pages\/293\/revisions"}],"wp:attachment":[{"href":"https:\/\/holmestrand-hundeklubb.com\/hhk\/wp-json\/wp\/v2\/media?parent=293"}],"curies":[{"name":"wp","href":"https:\/\/api.w.org\/{rel}","templated":true}]}}